{"id":13861,"date":"2022-10-04T12:01:12","date_gmt":"2022-10-04T10:01:12","guid":{"rendered":"https:\/\/miramare.cultura.gov.it\/cookie-policy\/"},"modified":"2023-02-28T14:44:08","modified_gmt":"2023-02-28T13:44:08","slug":"cookie-policy","status":"publish","type":"page","link":"https:\/\/miramare.cultura.gov.it\/de\/cookie-policy\/","title":{"rendered":"Cookie policy"},"content":{"rendered":"<p>[et_pb_section fb_built=&#8220;1&#8243; module_class=&#8220;inner-page-banner&#8220; _builder_version=&#8220;4.17.6&#8243; _module_preset=&#8220;default&#8220; background_image=&#8220;https:\/\/miramare.cultura.gov.it\/wp-content\/uploads\/2022\/08\/bg_102.webp&#8220; min_height=&#8220;100vh&#8220; locked=&#8220;off&#8220; global_colors_info=&#8220;{}&#8220;][et_pb_row _builder_version=&#8220;4.17.6&#8243; _module_preset=&#8220;default&#8220; global_colors_info=&#8220;{}&#8220;][et_pb_column type=&#8220;4_4&#8243; _builder_version=&#8220;4.17.6&#8243; _module_preset=&#8220;default&#8220; global_colors_info=&#8220;{}&#8220;][et_pb_text _builder_version=&#8220;4.19.0&#8243; _module_preset=&#8220;default&#8220; text_text_color=&#8220;#FFFFFF&#8220; header_text_color=&#8220;#FFFFFF&#8220; text_orientation=&#8220;right&#8220; text_orientation_tablet=&#8220;center&#8220; text_orientation_phone=&#8220;center&#8220; text_orientation_last_edited=&#8220;on|tablet&#8220; custom_css_main_element=&#8220;color:#fff;&#8220; global_colors_info=&#8220;{}&#8220;]<\/p>\n<h2>Cookie<br \/>\nPolicy<\/h2>\n<p>[\/et_pb_text][\/et_pb_column][\/et_pb_row][\/et_pb_section][et_pb_section fb_built=&#8220;1&#8243; _builder_version=&#8220;4.18.0&#8243; _module_preset=&#8220;default&#8220; global_colors_info=&#8220;{}&#8220;][et_pb_row _builder_version=&#8220;4.18.0&#8243; _module_preset=&#8220;default&#8220; global_colors_info=&#8220;{}&#8220;][et_pb_column type=&#8220;4_4&#8243; _builder_version=&#8220;4.18.0&#8243; _module_preset=&#8220;default&#8220; global_colors_info=&#8220;{}&#8220;][et_pb_text _builder_version=&#8220;4.19.0&#8243; _module_preset=&#8220;default&#8220; hover_enabled=&#8220;0&#8243; global_colors_info=&#8220;{}&#8220; sticky_enabled=&#8220;0&#8243;]<\/p>\n<h3>VERWENDUNG VON COOKIES<\/h3>\n<p>Cookies sind kleine Textfolgen, die die vom Benutzer besuchten Websites an sein Endger\u00e4t (normalerweise an den Browser) senden, wo sie gespeichert und dann beim n\u00e4chsten Besuch desselben Benutzers an dieselben Websites \u00fcbertragen werden.<br \/>Beim Besuch einer Website kann der Benutzer auf seinem Endger\u00e4t auch Cookies empfangen, die von verschiedenen Websites oder Webservern (sog. \u201eDrittanbieter\u201c) gesendet werden und einige Elemente (wie beispielsweise Bilder, Karten, Sounds, bestimmte Links zu Seiten anderer Domains) der Website enthalten k\u00f6nnen, die er besucht.<br \/>Die Internetseite www.miramare.beniculturali.it (nachfolgend \u201eWebsite\u201c genannt) verwendet Cookies, um den Besuchern eine einfache und praktische Nutzung der Seiten zu erm\u00f6glichen.<br \/>Auf den von den Besuchern der Website verwendeten Ger\u00e4ten wie Computern oder mobilen Peripherieger\u00e4ten wird eine minimale Anzahl kleiner Textdateien namens \u201eCookies\u201c in den Verzeichnissen des vom Nutzer verwendeten Browsers gespeichert.<br \/>Es gibt verschiedene Arten von Cookies. Einige dienen zur Verbesserung der Seitennutzung, andere zur Aktivierung bestimmter Funktionen. Dank der von uns eingesetzten Cookies ist es beispielsweise m\u00f6glich:<\/p>\n<ul>\n<li>die vom Besucher eingegebenen Pr\u00e4ferenzen zu speichern;<\/li>\n<li>die mehrmalige Eingabe derselben Daten wie Benutzername und Passwort w\u00e4hrend der Seitennutzung zu vermeiden.<\/li>\n<\/ul>\n<p>Die Verarbeitung wird vom Verantwortlichen mit elektronischen Hilfsmitteln durchgef\u00fchrt. Mit Ausnahme der technischen Cookies, die f\u00fcr eine normale Webnutzung unerl\u00e4sslich sind, sind andere Daten\u00fcbertragungen dem Ermessen des Besuchers \u00fcberlassen, der die Seite nach Einsichtnahme der Kurzinformation (sog. Banner) \u00f6ffnet und die Nutzung von Diensten beschlie\u00dft, die die Installation von Cookies mit sich bringen. Der Nutzer kann also \u2013 mit Ausnahme der technischen Cookies \u2013 eine Installation anderer Cookies vermeiden, indem er das Banner ignoriert oder die Funktionen der verschiedenen Browser entsprechend einstellt, die in dieser Information detailliert beschrieben werden.<\/p>\n<h3>AUF DER WEBSITE VERWENDETE ARTEN VON COOKIES<\/h3>\n<h4>TECHNISCHE COOKIES (OBLIGATORISCH)<\/h4>\n<p>Diese Art von Cookies garantiert die <strong>korrekte Funktionsweise einiger Bereiche der Website<\/strong> und kann in zwei Kategorien unterteilt werden: permanente Cookies und Sitzungscookies.<\/p>\n<ul>\n<li>Permanente Cookies: Sie werden nach dem Schlie\u00dfen des Browsers nicht gel\u00f6scht, sondern bleiben bis zu einem voreingestellten Ablaufdatum gespeichert;<\/li>\n<li>Sitzungscookies: Sie werden direkt nach dem Schlie\u00dfen des Browsers gel\u00f6scht.<\/li>\n<\/ul>\n<p>Diese immer von unserer Domain versendeten Cookies sind sowohl f\u00fcr eine korrekte Anzeige der Website als auch f\u00fcr ihre technische Funktionsf\u00e4higkeit notwendig und werden daher in jedem Fall gespeichert, sofern der Nutzer die Einstellungen seines Browsers nicht entsprechend ver\u00e4ndert. Dadurch k\u00f6nnten jedoch einige Funktionen oder die Anzeige einiger Seiten der Website beeintr\u00e4chtigt werden.<\/p>\n<h4>ANALYTISCHE COOKIES<\/h4>\n<p>Cookies dieser Art dienen der <strong>Erhebung von Daten \u00fcber die Seitennutzung<\/strong>. Sie werden f\u00fcr <strong>anonyme statistische Analysen<\/strong> verwendet, um den Besuch der Website zu verbessern und ihre Inhalte interessanter zu machen bzw. auf die Bed\u00fcrfnisse der Nutzer abzustimmen. Die Cookies erfassen anonymisierte Daten dar\u00fcber, wie die Seite genutzt wird und wie der Nutzer auf die Seite gelangt ist. Die analytischen Cookies werden entweder direkt von der Website oder von Domains der Drittanbieter versendet. Auf dieser Website wird Google Analytics verwendet, ein von Google Inc. (\u201eGoogle\u201c) bereitgestellter Webanalysedienst. Die von den Cookies \u00fcber die Seitennutzung generierten Informationen (einschlie\u00dflich Ihrer anonymisierten IP-Adresse) werden an den Google-Server \u00fcbermittelt und dort gespeichert. Google verwendet die Daten f\u00fcr die Analyse der Seitennutzung, die Erstellung von Berichten \u00fcber die Websiteaktivit\u00e4ten f\u00fcr die Betreiber und sonstige mit der Website- und Internetnutzung verbundene Dienstleistungen. Google kann diese Informationen auch an Dritte weitergeben, sofern dies gesetzlich vorgeschrieben ist bzw. sofern die genannten Dritten die Daten im Auftrag von Google verarbeiten. Google wird Ihre IP-Adresse in keinem Fall mit anderen Daten im Besitz von Google in Verbindung bringen. Sie k\u00f6nnen die Verwendung der Cookies durch die Vornahme entsprechender Einstellungen auf Ihrem Browser deaktivieren, was jedoch die Verwendung einiger Funktionen dieser Internetseite beeintr\u00e4chtigen k\u00f6nnte. Indem Sie diese Website nutzen, erkl\u00e4ren Sie sich mit der Bearbeitung der \u00fcber Sie erhobenen Daten durch Google in der oben beschriebenen Art und Weise und zu dem oben genannten Zweck einverstanden. Um die Erfassung von Cookies, die aufgrund Ihrer Nutzung dieser Internetseite generiert werden (einschlie\u00dflich Ihrer IP-Adresse), ebenso wie die Verarbeitung dieser Informationen durch Google zu verhindern, k\u00f6nnen Sie den unter der nachfolgenden Adresse verf\u00fcgbaren Plugin f\u00fcr den Browser herunterladen und installieren:<br \/><a href=\"https:\/\/tools.google.com\/dlpage\/gaoptout?hl=de\" target=\"_blank\" rel=\"noopener\">https:\/\/tools.google.com\/dlpage\/gaoptout?hl=de<\/a><\/p>\n<h4>ANALYTISCHE COOKIES VON DRITTANBIETERDIENSTEN<\/h4>\n<p>Diese Cookies dienen zur Erhebung <strong>anonymisierter Daten \u00fcber die Seitennutzung<\/strong>, wie beispielsweise besuchte Seiten, Verweildauer, Herkunft des Datenverkehrs, geographische Herkunft, Alter, Geschlecht und Interessen, um sie f\u00fcr Werbekampagnen auszuwerten. Diese Cookies werden von den Domains externer Drittanbieter versendet.<\/p>\n<p>Diese Art von Cookies erg\u00e4nzt Funktionen, die von den Drittanbietern auf der Website entwickelt werden, wie Icons, \u00fcber die Netzwerke verbreitete Pr\u00e4ferenzen \u00fcber Inhalte der Website oder Softwaredienste (z.B. zur Generierung von Karten und zus\u00e4tzliche Dienstleistungen). Diese Cookies werden von den <strong>Domains der Drittanbieter als auch von Partnerwebsites<\/strong> verwendet, die ihre Dienste auf der Internetseite anbieten.<\/p>\n<h4>Z\u00c4HLPIXEL<\/h4>\n<p>Auf dieser Seite k\u00f6nnen \u201eZ\u00e4hlpixel\u201c zum Einsatz kommen, kleine Grafikdateien, die eine \u00dcberwachung der Websitenutzung erm\u00f6glichen. Ein Z\u00e4hlpixel kann beispielsweise folgende Informationen erfassen: die IP-Adresse (Internetprotokoll) des Computers, der die Seite mit dem Z\u00e4hlpixel heruntergeladen hat; die URL (Uniform Resource Locator) der Seite, auf der das Z\u00e4hlpixel erscheint; die Uhrzeit, zu der die Seite mit dem Z\u00e4hlpixel aufgerufen wurde; der Browsertyp, der das Z\u00e4hlpixel erfasst hat, sowie die Identifikationsnummer aller auf dem Computer vorhandenen und bis zu diesem Zeitpunkt von diesem Server \u00fcbertragenen Cookies. Werden mit den Nutzern E-Mail-Nachrichten ausgetauscht, die das HTML-Format unterst\u00fctzen, kann die Formaterkennung genutzt werden. Dank ihr k\u00f6nnen die Z\u00e4hlpixel mitteilen, ob die gesendete Nachricht empfangen und ge\u00f6ffnet wurde.<\/p>\n<h4>TARGETING-COOKIES<\/h4>\n<p>Diese Art von Cookies dient zur Erstellung von Benutzerprofilen mit dem Zweck der Versendung von Werbemitteilungen basierend auf den Vorlieben, die der Nutzer w\u00e4hrend des Besuchs einer Internetseite zeigt.<\/p>\n<p>Laut den geltenden Bestimmungen muss auf der Website keine Einwilligung f\u00fcr <strong>technische und analytische Cookies<\/strong> eingeholt werden, die keine Identifikation des Nutzers erm\u00f6glichen, da sie f\u00fcr die Bereitstellung der gew\u00fcnschten Dienstleistungen notwendig sind. Bei allen anderen Arten von Cookies kann der Nutzer die Einwilligung mit einer der nachfolgend genannten Modalit\u00e4ten leisten:<\/p>\n<p><strong>Durch ausdr\u00fcckliche Einwilligung oder Widerruf in Bezug auf die Verwendung von Cookies auf der Website. Klicken Sie hier: <a href=\"https:\/\/miramare.cultura.gov.it\/de\/einwilligungen-widerrufen\/\" target=\"_blank\" rel=\"noopener\">Einwilligungen widerrufen<\/a><\/strong><\/p>\n<p><strong>Durch bestimmte Konfigurationen des\/der f\u00fcr den Besuch der Website verwendeten Browsers oder Computerprogramme. Klicken Sie hier: <a href=\"https:\/\/miramare.cultura.gov.it\/de\/einwilligungen-widerrufen\/\">Einwilligungen widerrufen<\/a><\/strong><\/p>\n<p>Durch \u00c4nderung der Einstellungen f\u00fcr die Nutzung von Drittanbieterdiensten. <strong>Klicken Sie hier: <a href=\"https:\/\/miramare.cultura.gov.it\/de\/einwilligungen-widerrufen\/\">Einwilligungen widerrufen<\/a><\/strong><\/p>\n<p>Die oben genannten Einstellungen k\u00f6nnten die Verwendung bestimmter Funktionen durch den Nutzer oder die Anzeige von Teilen der Website beeintr\u00e4chtigen.<\/p>\n<h4>WEBSITES UND DIENSTE VON DRITTANBIETERN<\/h4>\n<p>Die Website kann Links zu anderen Internetseiten mit eigener Datenschutzerkl\u00e4rung enthalten, die von der Datenschutzinformation der vorliegenden Website abweichen, weshalb f\u00fcr diese <strong>keine Haftung<\/strong> \u00fcbernommen wird. Hierzu geh\u00f6ren beispielsweise Links zu den Auftritten des Museo storico e il Parco del Castello di Miramare in den sozialen Netzwerken wie Facebook, Instagram, Twitter und Youtube. Es sei zudem darauf hingewiesen, dass beim Anklicken der Links zu den sozialen Netzwerken Cookies dieser Drittanbieter installiert werden k\u00f6nnen. F\u00fcr weitere Informationen siehe die entsprechenden Informationen \u00fcber die Verwendung von Cookies.<\/p>\n<h3>LISTE DER VERWENDETEN COOKIES<\/h3>\n<p><a href=\"https:\/\/miramare.cultura.gov.it\/wp-content\/uploads\/2022\/10\/Elenco_cookie__20190320.pdf\" target=\"_blank\" rel=\"attachment noopener wp-att-9595\">Verwendete Cookies (PDF)<\/a><\/p>\n<h3>AUFRUF DIESER SEITE<\/h3>\n<p>Diese Seite kann \u00fcber den Link am Fu\u00df aller Seiten des Webauftritts gem\u00e4\u00df Art.122, Absatz 2 der Gesetzesverordnung 196\/2003 und den vereinfachten Modalit\u00e4ten f\u00fcr die Information sowie Einholung der Einwilligung zur Cookie-Verwendung ge\u00f6ffnet werden, die jeweils im Amtsblatt Nr. 126 vom 3. Juni 2014 sowie im Ma\u00dfnahmenregister Nr. 229 vom 8. Mai 2014 ver\u00f6ffentlicht wurden.<\/p>\n<p>Die obige Information unterliegt den <a href=\"https:\/\/miramare.cultura.gov.it\/de\/nutzungsbedingungen\/\">\u00a0Nutzungsbedingungen des Museo storico e il Parco del Castello di Miramare<\/a>.\u00a0Letzte Aktualisierung 20.03.2019.<\/p>\n<p>[\/et_pb_text][\/et_pb_column][\/et_pb_row][\/et_pb_section]<\/p>\n","protected":false},"excerpt":{"rendered":"<p>Cookie PolicyVERWENDUNG VON COOKIES Cookies sind kleine Textfolgen, die die vom Benutzer besuchten Websites an sein Endger\u00e4t (normalerweise an den Browser) senden, wo sie gespeichert und dann beim n\u00e4chsten Besuch desselben Benutzers an dieselben Websites \u00fcbertragen werden.Beim Besuch einer Website kann der Benutzer auf seinem Endger\u00e4t auch Cookies empfangen, die von verschiedenen Websites oder Webservern [&hellip;]<\/p>\n","protected":false},"author":1,"featured_media":0,"parent":0,"menu_order":0,"comment_status":"closed","ping_status":"closed","template":"","meta":{"_et_pb_use_builder":"on","_et_pb_old_content":"","_et_gb_content_width":"","footnotes":""},"class_list":["post-13861","page","type-page","status-publish","hentry"],"yoast_head":"<!-- This site is optimized with the Yoast SEO plugin v27.5 - https:\/\/yoast.com\/product\/yoast-seo-wordpress\/ -->\n<title>Cookie policy | Museo Storico e Il Parco del Castello di Miramare<\/title>\n<meta name=\"description\" content=\"Cookie policy | Museo Storico e Il Parco del Castello di Miramare | Un luogo nobile e romatico tra arte, natura e bellezza. |\" \/>\n<meta name=\"robots\" content=\"index, follow, max-snippet:-1, max-image-preview:large, max-video-preview:-1\" \/>\n<link rel=\"canonical\" href=\"https:\/\/miramare.cultura.gov.it\/de\/cookie-policy\/\" \/>\n<meta property=\"og:locale\" content=\"de_DE\" \/>\n<meta property=\"og:type\" content=\"article\" \/>\n<meta property=\"og:title\" content=\"Cookie policy | Museo Storico e Il Parco del Castello di Miramare\" \/>\n<meta property=\"og:description\" content=\"Cookie policy | Museo Storico e Il Parco del Castello di Miramare | Un luogo nobile e romatico tra arte, natura e bellezza. |\" \/>\n<meta property=\"og:url\" content=\"https:\/\/miramare.cultura.gov.it\/de\/cookie-policy\/\" \/>\n<meta property=\"og:site_name\" content=\"Museo Storico e Il Parco del Castello di Miramare\" \/>\n<meta property=\"article:modified_time\" content=\"2023-02-28T13:44:08+00:00\" \/>\n<meta name=\"twitter:card\" content=\"summary_large_image\" \/>\n<meta name=\"twitter:label1\" content=\"Gesch\u00e4tzte Lesezeit\" \/>\n\t<meta name=\"twitter:data1\" content=\"7\u00a0Minuten\" \/>\n<script type=\"application\/ld+json\" class=\"yoast-schema-graph\">{\"@context\":\"https:\\\/\\\/schema.org\",\"@graph\":[{\"@type\":\"WebPage\",\"@id\":\"https:\\\/\\\/miramare.cultura.gov.it\\\/de\\\/cookie-policy\\\/\",\"url\":\"https:\\\/\\\/miramare.cultura.gov.it\\\/de\\\/cookie-policy\\\/\",\"name\":\"Cookie policy | Museo Storico e Il Parco del Castello di Miramare\",\"isPartOf\":{\"@id\":\"https:\\\/\\\/miramare.cultura.gov.it\\\/#website\"},\"datePublished\":\"2022-10-04T10:01:12+00:00\",\"dateModified\":\"2023-02-28T13:44:08+00:00\",\"description\":\"Cookie policy | Museo Storico e Il Parco del Castello di Miramare | Un luogo nobile e romatico tra arte, natura e bellezza. |\",\"breadcrumb\":{\"@id\":\"https:\\\/\\\/miramare.cultura.gov.it\\\/de\\\/cookie-policy\\\/#breadcrumb\"},\"inLanguage\":\"de\",\"potentialAction\":[{\"@type\":\"ReadAction\",\"target\":[\"https:\\\/\\\/miramare.cultura.gov.it\\\/de\\\/cookie-policy\\\/\"]}]},{\"@type\":\"BreadcrumbList\",\"@id\":\"https:\\\/\\\/miramare.cultura.gov.it\\\/de\\\/cookie-policy\\\/#breadcrumb\",\"itemListElement\":[{\"@type\":\"ListItem\",\"position\":1,\"name\":\"Home\",\"item\":\"https:\\\/\\\/miramare.cultura.gov.it\\\/de\\\/\"},{\"@type\":\"ListItem\",\"position\":2,\"name\":\"Cookie policy\"}]},{\"@type\":\"WebSite\",\"@id\":\"https:\\\/\\\/miramare.cultura.gov.it\\\/#website\",\"url\":\"https:\\\/\\\/miramare.cultura.gov.it\\\/\",\"name\":\"Museo Storico e Il Parco del Castello di Miramare\",\"description\":\"Un luogo nobile e romatico tra arte, natura e bellezza.\",\"potentialAction\":[{\"@type\":\"SearchAction\",\"target\":{\"@type\":\"EntryPoint\",\"urlTemplate\":\"https:\\\/\\\/miramare.cultura.gov.it\\\/?s={search_term_string}\"},\"query-input\":{\"@type\":\"PropertyValueSpecification\",\"valueRequired\":true,\"valueName\":\"search_term_string\"}}],\"inLanguage\":\"de\"}]}<\/script>\n<!-- \/ Yoast SEO plugin. -->","yoast_head_json":{"title":"Cookie policy | Museo Storico e Il Parco del Castello di Miramare","description":"Cookie policy | Museo Storico e Il Parco del Castello di Miramare | Un luogo nobile e romatico tra arte, natura e bellezza. |","robots":{"index":"index","follow":"follow","max-snippet":"max-snippet:-1","max-image-preview":"max-image-preview:large","max-video-preview":"max-video-preview:-1"},"canonical":"https:\/\/miramare.cultura.gov.it\/de\/cookie-policy\/","og_locale":"de_DE","og_type":"article","og_title":"Cookie policy | Museo Storico e Il Parco del Castello di Miramare","og_description":"Cookie policy | Museo Storico e Il Parco del Castello di Miramare | Un luogo nobile e romatico tra arte, natura e bellezza. |","og_url":"https:\/\/miramare.cultura.gov.it\/de\/cookie-policy\/","og_site_name":"Museo Storico e Il Parco del Castello di Miramare","article_modified_time":"2023-02-28T13:44:08+00:00","twitter_card":"summary_large_image","twitter_misc":{"Gesch\u00e4tzte Lesezeit":"7\u00a0Minuten"},"schema":{"@context":"https:\/\/schema.org","@graph":[{"@type":"WebPage","@id":"https:\/\/miramare.cultura.gov.it\/de\/cookie-policy\/","url":"https:\/\/miramare.cultura.gov.it\/de\/cookie-policy\/","name":"Cookie policy | Museo Storico e Il Parco del Castello di Miramare","isPartOf":{"@id":"https:\/\/miramare.cultura.gov.it\/#website"},"datePublished":"2022-10-04T10:01:12+00:00","dateModified":"2023-02-28T13:44:08+00:00","description":"Cookie policy | Museo Storico e Il Parco del Castello di Miramare | Un luogo nobile e romatico tra arte, natura e bellezza. |","breadcrumb":{"@id":"https:\/\/miramare.cultura.gov.it\/de\/cookie-policy\/#breadcrumb"},"inLanguage":"de","potentialAction":[{"@type":"ReadAction","target":["https:\/\/miramare.cultura.gov.it\/de\/cookie-policy\/"]}]},{"@type":"BreadcrumbList","@id":"https:\/\/miramare.cultura.gov.it\/de\/cookie-policy\/#breadcrumb","itemListElement":[{"@type":"ListItem","position":1,"name":"Home","item":"https:\/\/miramare.cultura.gov.it\/de\/"},{"@type":"ListItem","position":2,"name":"Cookie policy"}]},{"@type":"WebSite","@id":"https:\/\/miramare.cultura.gov.it\/#website","url":"https:\/\/miramare.cultura.gov.it\/","name":"Museo Storico e Il Parco del Castello di Miramare","description":"Un luogo nobile e romatico tra arte, natura e bellezza.","potentialAction":[{"@type":"SearchAction","target":{"@type":"EntryPoint","urlTemplate":"https:\/\/miramare.cultura.gov.it\/?s={search_term_string}"},"query-input":{"@type":"PropertyValueSpecification","valueRequired":true,"valueName":"search_term_string"}}],"inLanguage":"de"}]}},"_links":{"self":[{"href":"https:\/\/miramare.cultura.gov.it\/de\/wp-json\/wp\/v2\/pages\/13861","targetHints":{"allow":["GET"]}}],"collection":[{"href":"https:\/\/miramare.cultura.gov.it\/de\/wp-json\/wp\/v2\/pages"}],"about":[{"href":"https:\/\/miramare.cultura.gov.it\/de\/wp-json\/wp\/v2\/types\/page"}],"author":[{"embeddable":true,"href":"https:\/\/miramare.cultura.gov.it\/de\/wp-json\/wp\/v2\/users\/1"}],"replies":[{"embeddable":true,"href":"https:\/\/miramare.cultura.gov.it\/de\/wp-json\/wp\/v2\/comments?post=13861"}],"version-history":[{"count":3,"href":"https:\/\/miramare.cultura.gov.it\/de\/wp-json\/wp\/v2\/pages\/13861\/revisions"}],"predecessor-version":[{"id":13897,"href":"https:\/\/miramare.cultura.gov.it\/de\/wp-json\/wp\/v2\/pages\/13861\/revisions\/13897"}],"wp:attachment":[{"href":"https:\/\/miramare.cultura.gov.it\/de\/wp-json\/wp\/v2\/media?parent=13861"}],"curies":[{"name":"wp","href":"https:\/\/api.w.org\/{rel}","templated":true}]}}