{"id":13870,"date":"2022-08-10T19:35:25","date_gmt":"2022-08-10T17:35:25","guid":{"rendered":"https:\/\/miramare.cultura.gov.it\/termini-di-utilizzo\/"},"modified":"2023-02-28T12:47:33","modified_gmt":"2023-02-28T11:47:33","slug":"nutzungsbedingungen","status":"publish","type":"page","link":"https:\/\/miramare.cultura.gov.it\/de\/nutzungsbedingungen\/","title":{"rendered":"Nutzungsbedingungen"},"content":{"rendered":"<p>[et_pb_section fb_built=&#8220;1&#8243; module_class=&#8220;inner-page-banner&#8220; _builder_version=&#8220;4.17.6&#8243; _module_preset=&#8220;default&#8220; background_image=&#8220;https:\/\/miramare.cultura.gov.it\/wp-content\/uploads\/2022\/08\/bg_102.webp&#8220; min_height=&#8220;100vh&#8220; locked=&#8220;off&#8220; global_colors_info=&#8220;{}&#8220;][et_pb_row _builder_version=&#8220;4.17.6&#8243; _module_preset=&#8220;default&#8220; global_colors_info=&#8220;{}&#8220;][et_pb_column type=&#8220;4_4&#8243; _builder_version=&#8220;4.17.6&#8243; _module_preset=&#8220;default&#8220; global_colors_info=&#8220;{}&#8220;][et_pb_text _builder_version=&#8220;4.19.0&#8243; _module_preset=&#8220;default&#8220; text_text_color=&#8220;#FFFFFF&#8220; header_text_color=&#8220;#FFFFFF&#8220; text_orientation=&#8220;right&#8220; hover_enabled=&#8220;0&#8243; text_orientation_tablet=&#8220;center&#8220; text_orientation_phone=&#8220;center&#8220; text_orientation_last_edited=&#8220;on|tablet&#8220; custom_css_main_element=&#8220;color:#fff;&#8220; global_colors_info=&#8220;{}&#8220; sticky_enabled=&#8220;0&#8243;]<\/p>\n<h2>Nutzungsbedingungen<\/h2>\n<p>[\/et_pb_text][\/et_pb_column][\/et_pb_row][\/et_pb_section][et_pb_section fb_built=&#8220;1&#8243; _builder_version=&#8220;4.18.0&#8243; _module_preset=&#8220;default&#8220; global_colors_info=&#8220;{}&#8220;][et_pb_row _builder_version=&#8220;4.18.0&#8243; _module_preset=&#8220;default&#8220; global_colors_info=&#8220;{}&#8220;][et_pb_column type=&#8220;4_4&#8243; _builder_version=&#8220;4.18.0&#8243; _module_preset=&#8220;default&#8220; global_colors_info=&#8220;{}&#8220;][et_pb_text _builder_version=&#8220;4.19.0&#8243; _module_preset=&#8220;default&#8220; hover_enabled=&#8220;0&#8243; global_colors_info=&#8220;{}&#8220; sticky_enabled=&#8220;0&#8243;]<\/p>\n<p><strong>RECHTSGESCH\u00c4FTLICHE BEDINGUNGEN IM ZUSAMMENHANG MIT DER WEBSITE<\/strong><\/p>\n<p>Das vorliegende Dokument beschreibt die rechtsgesch\u00e4ftlichen Bedingungen f\u00fcr den Besuch und die Nutzung der Website <br \/><a role=\"link\" href=\"https:\/\/miramare.cultura.gov.it\/de\/\"><strong>miramare.cultura.gov.it<br \/><\/strong><\/a><br \/>Durch das \u00d6ffnen sowie die Nutzung der Website und ihrer Inhalte verpflichten Sie sich zur Einhaltung der nachfolgend genannten Allgemeinen Bedingungen.<\/p>\n<p><strong>1. INHABER DER WEBSITE<\/strong><br \/>Diese Website ist Eigentum des <strong>Kulturministeriums \u2013 MiC<\/strong>, mit Rechtssitz in Via del Collegio Romani 27 \u2013 00186- ROM \u2013 Italien<br \/>Steuernummer und UID: 80016390322<\/p>\n<p><strong>2. URHEBER- UND MARKENRECHT <\/strong><br \/>Diese Website ist als Einzel- bzw. Sammelwerk durch das Urheberrecht gesch\u00fctzt, gem\u00e4\u00df den einschl\u00e4gigen italienischen und europ\u00e4ischen Gesetzen, internationalen Abkommen und anderen Bestimmungen zum Urheberrecht. Jede unerlaubte Verwendung der Inhalte dieser Website ist strengstens verboten, mit Vorbehalt aller Rechte. Die Internetseite kann Dokumente, Bilder, Software, Informationen und andere Materialien dritter Eigent\u00fcmer wie Fotografien, Werbeclips, Videos und Musik enthalten. Die unerlaubte Nutzung der auf der Website bereitgestellten Materialien ist strengstens untersagt, sofern keine vorherige schriftliche Genehmigung ihres Inhabers eingeholt wurde.<\/p>\n<p><strong>3. VERWENDUNG UND BESUCH DER WEBSITE <\/strong><br \/>Die Inhalte und Materialien der Website sind ausschlie\u00dflich f\u00fcr eine private und nichtgewerbliche Nutzung vorgesehen. Der Nutzer kann Inhalte und andere Materialien, die auf der Website angezeigt werden, nur f\u00fcr die private und nichtgewerbliche Verwendung herunterladen oder kopieren, unter der Bedingung, dass er ihren urheberrechtlichen Schutz anerkennt und sich zur Wahrung aller Urheberrechte und sonstigen Rechte im Zusammenhang mit dieser Website verpflichtet. Das Kopieren oder Speichern der Inhalte f\u00fcr andere als private und nichtgewerbliche Zwecke ist strengstens untersagt, sofern keine vorherige schriftliche Genehmigung des <strong>MiC<\/strong> eingeholt wurde. Das Kulturministerium beh\u00e4lt sich das Recht vor, die Merkmale dieser Website jederzeit ganz oder teilweise zu \u00e4ndern, zu l\u00f6schen oder aufzuheben, einschlie\u00dflich der teilweisen oder vollst\u00e4ndigen Verf\u00fcgbarkeit der Website, ihrer Funktionen und ihrer Database. Es beh\u00e4lt sich zudem das Recht vor, ohne vorherige Benachrichtigung und Haftungs\u00fcbernahme eventuelle Fehlerkorrekturen oder Erg\u00e4nzungen der Website vorzunehmen, bestimmte Funktionen und Dienstleistungen einzuschr\u00e4nken oder den Nutzern den Zugang zur gesamten Website bzw. eines Teils davon zu verwehren.<\/p>\n<p><strong>4. GARANTIEVERWEIGERUNG UND HAFTUNGSBESCHR\u00c4NKUNG <\/strong><br \/>Der Nutzer ist sich der Tatsache bewusst, dass er die Website auf eigene Gefahr verwendet. Die Dienstleistung wird gem\u00e4\u00df dem aktuellen Stand erbracht, und das <strong>MiC<\/strong> verweigert ausdr\u00fccklich jede Art von expliziter und impliziter Garantie, einschlie\u00dflich (ohne Vollst\u00e4ndigkeitsanspruch) der Gew\u00e4hr f\u00fcr Richtigkeit, Zuverl\u00e4ssigkeit, Eigentum, Nichtverletzung, Eignung f\u00fcr bestimmte Zwecke sowie aller sonstigen m\u00fcndlichen, schriftlichen oder digital abgegebenen Gew\u00e4hrleistungen, Bedingungen, Sicherheiten oder Erkl\u00e4rungen, wozu auch (ohne Vollst\u00e4ndigkeitsanspruch) die Richtigkeit oder Vollst\u00e4ndigkeit aller auf der Website enthaltenen Informationen geh\u00f6rt. Das <strong>MiC<\/strong> erkl\u00e4rt oder garantiert in keiner Weise, dass der Zugang zur Website nicht unterbrochen wird und keine St\u00f6rungen, Fehler, Auslassungen oder Datenverluste aufweist bzw. dass \u00fcber diese keine Viren \u00fcbertragen werden k\u00f6nnen. Das MiC haftet in keiner Weise gegen\u00fcber den Nutzern oder eventuellen Dritten f\u00fcr direkte und indirekte Sch\u00e4den bzw. Sonder-, Folge- oder Strafsch\u00e4den, die mutma\u00dflich durch den Zugang bzw. die Unm\u00f6glichkeit des Zugangs zur Website verursacht werden, einschlie\u00dflich eventuell \u00fcber die Website \u00fcbertragener Viren, der Nutzung der Website und darauf bereitgestellten Informationen oder Materialien sowie der Tatsache, dass man sich auf diese verlassen hat.<\/p>\n<p><strong>5. ANWENDBARES RECHT UND GERICHTSBARKEIT <\/strong><br \/>Der Nutzer erkennt in jeder Hinsicht an, dass eventuelle Streitigkeiten im Zusammenhang mit dem Zugang bzw. der Verwendung der Website dem italienischen Recht unterliegen sowie der ausschlie\u00dflichen Gerichtsbarkeit eines italienischen Gerichts.<\/p>\n<p><strong>6. AUF DIE GERICHTSBARKEIT ANWENDBARE GESETZE <\/strong><br \/>Ihr Name wird unter Einhaltung des Gesetzes 196\/03 zum Schutz personenbezogener Daten (Datenschutzgesetz) ausschlie\u00dflich zur Erf\u00fcllung von Buchhaltungs-, Steuer-, Verwaltungs- und Gewerbezwecken in die Datenbanken des <strong>MiC<\/strong> eingetragen. Sie k\u00f6nnen vom Verantwortlichen der Datenverarbeitung jederzeit eine Aktualisierung oder L\u00f6schung der Daten per E-Mail an <a role=\"link\" href=\"mailto:mu-mira@cultura.gov.it\">mu-mira@cultura.gov.it<\/a>verlangen.<\/p>\n<p><strong>7. \u00c4NDERUNGEN<\/strong><br \/>Die obigen Bestimmungen k\u00f6nnen vom <strong>MiC<\/strong> im Laufe der Zeit ge\u00e4ndert werden. Die Meldung \u00fcber eine eventuelle \u00dcberarbeitung der Bestimmungen wird auf dieser Seite erteilt. Die weitere Verwendung der Website durch den Nutzer wird als seine Annahme der \u00c4nderungen bzw. \u00dcberarbeitung der Bestimmungen angesehen. Daher wird den Nutzern empfohlen, diese Seite regelm\u00e4\u00dfig aufzurufen.<\/p>\n<p><strong>8. COOKIES<\/strong><br \/>F\u00fcr Informationen \u00fcber die Verwaltung von Cookies siehe die speziell hierf\u00fcr vorgesehene Seite <a title=\"Vai alla pagina Cookie Policy\" role=\"link\" href=\"https:\/\/miramare.cultura.gov.it\/de\/cookie-policy\/\">Cookie Policy<\/a><\/p>\n<p>[\/et_pb_text][\/et_pb_column][\/et_pb_row][\/et_pb_section]<\/p>\n","protected":false},"excerpt":{"rendered":"<p>NutzungsbedingungenRECHTSGESCH\u00c4FTLICHE BEDINGUNGEN IM ZUSAMMENHANG MIT DER WEBSITE Das vorliegende Dokument beschreibt die rechtsgesch\u00e4ftlichen Bedingungen f\u00fcr den Besuch und die Nutzung der Website miramare.cultura.gov.itDurch das \u00d6ffnen sowie die Nutzung der Website und ihrer Inhalte verpflichten Sie sich zur Einhaltung der nachfolgend genannten Allgemeinen Bedingungen. 1. INHABER DER WEBSITEDiese Website ist Eigentum des Kulturministeriums \u2013 MiC, mit [&hellip;]<\/p>\n","protected":false},"author":1,"featured_media":0,"parent":0,"menu_order":0,"comment_status":"closed","ping_status":"closed","template":"","meta":{"_et_pb_use_builder":"on","_et_pb_old_content":"","_et_gb_content_width":"","footnotes":""},"class_list":["post-13870","page","type-page","status-publish","hentry"],"yoast_head":"<!-- This site is optimized with the Yoast SEO plugin v27.3 - https:\/\/yoast.com\/product\/yoast-seo-wordpress\/ -->\n<title>Nutzungsbedingungen | Museo Storico e Il Parco del Castello di Miramare<\/title>\n<meta name=\"description\" content=\"Nutzungsbedingungen | Museo Storico e Il Parco del Castello di Miramare | Un luogo nobile e romatico tra arte, natura e bellezza. |\" \/>\n<meta name=\"robots\" content=\"index, follow, max-snippet:-1, max-image-preview:large, max-video-preview:-1\" \/>\n<link rel=\"canonical\" href=\"https:\/\/miramare.cultura.gov.it\/de\/nutzungsbedingungen\/\" \/>\n<meta property=\"og:locale\" content=\"de_DE\" \/>\n<meta property=\"og:type\" content=\"article\" \/>\n<meta property=\"og:title\" content=\"Nutzungsbedingungen | Museo Storico e Il Parco del Castello di Miramare\" \/>\n<meta property=\"og:description\" content=\"Nutzungsbedingungen | Museo Storico e Il Parco del Castello di Miramare | Un luogo nobile e romatico tra arte, natura e bellezza. |\" \/>\n<meta property=\"og:url\" content=\"https:\/\/miramare.cultura.gov.it\/de\/nutzungsbedingungen\/\" \/>\n<meta property=\"og:site_name\" content=\"Museo Storico e Il Parco del Castello di Miramare\" \/>\n<meta property=\"article:modified_time\" content=\"2023-02-28T11:47:33+00:00\" \/>\n<meta name=\"twitter:card\" content=\"summary_large_image\" \/>\n<meta name=\"twitter:label1\" content=\"Gesch\u00e4tzte Lesezeit\" \/>\n\t<meta name=\"twitter:data1\" content=\"5\u00a0Minuten\" \/>\n<script type=\"application\/ld+json\" class=\"yoast-schema-graph\">{\"@context\":\"https:\\\/\\\/schema.org\",\"@graph\":[{\"@type\":\"WebPage\",\"@id\":\"https:\\\/\\\/miramare.cultura.gov.it\\\/de\\\/nutzungsbedingungen\\\/\",\"url\":\"https:\\\/\\\/miramare.cultura.gov.it\\\/de\\\/nutzungsbedingungen\\\/\",\"name\":\"Nutzungsbedingungen | Museo Storico e Il Parco del Castello di Miramare\",\"isPartOf\":{\"@id\":\"https:\\\/\\\/miramare.cultura.gov.it\\\/#website\"},\"datePublished\":\"2022-08-10T17:35:25+00:00\",\"dateModified\":\"2023-02-28T11:47:33+00:00\",\"description\":\"Nutzungsbedingungen | Museo Storico e Il Parco del Castello di Miramare | Un luogo nobile e romatico tra arte, natura e bellezza. |\",\"breadcrumb\":{\"@id\":\"https:\\\/\\\/miramare.cultura.gov.it\\\/de\\\/nutzungsbedingungen\\\/#breadcrumb\"},\"inLanguage\":\"de\",\"potentialAction\":[{\"@type\":\"ReadAction\",\"target\":[\"https:\\\/\\\/miramare.cultura.gov.it\\\/de\\\/nutzungsbedingungen\\\/\"]}]},{\"@type\":\"BreadcrumbList\",\"@id\":\"https:\\\/\\\/miramare.cultura.gov.it\\\/de\\\/nutzungsbedingungen\\\/#breadcrumb\",\"itemListElement\":[{\"@type\":\"ListItem\",\"position\":1,\"name\":\"Home\",\"item\":\"https:\\\/\\\/miramare.cultura.gov.it\\\/de\\\/\"},{\"@type\":\"ListItem\",\"position\":2,\"name\":\"Nutzungsbedingungen\"}]},{\"@type\":\"WebSite\",\"@id\":\"https:\\\/\\\/miramare.cultura.gov.it\\\/#website\",\"url\":\"https:\\\/\\\/miramare.cultura.gov.it\\\/\",\"name\":\"Museo Storico e Il Parco del Castello di Miramare\",\"description\":\"Un luogo nobile e romatico tra arte, natura e bellezza.\",\"potentialAction\":[{\"@type\":\"SearchAction\",\"target\":{\"@type\":\"EntryPoint\",\"urlTemplate\":\"https:\\\/\\\/miramare.cultura.gov.it\\\/?s={search_term_string}\"},\"query-input\":{\"@type\":\"PropertyValueSpecification\",\"valueRequired\":true,\"valueName\":\"search_term_string\"}}],\"inLanguage\":\"de\"}]}<\/script>\n<!-- \/ Yoast SEO plugin. -->","yoast_head_json":{"title":"Nutzungsbedingungen | Museo Storico e Il Parco del Castello di Miramare","description":"Nutzungsbedingungen | Museo Storico e Il Parco del Castello di Miramare | Un luogo nobile e romatico tra arte, natura e bellezza. |","robots":{"index":"index","follow":"follow","max-snippet":"max-snippet:-1","max-image-preview":"max-image-preview:large","max-video-preview":"max-video-preview:-1"},"canonical":"https:\/\/miramare.cultura.gov.it\/de\/nutzungsbedingungen\/","og_locale":"de_DE","og_type":"article","og_title":"Nutzungsbedingungen | Museo Storico e Il Parco del Castello di Miramare","og_description":"Nutzungsbedingungen | Museo Storico e Il Parco del Castello di Miramare | Un luogo nobile e romatico tra arte, natura e bellezza. |","og_url":"https:\/\/miramare.cultura.gov.it\/de\/nutzungsbedingungen\/","og_site_name":"Museo Storico e Il Parco del Castello di Miramare","article_modified_time":"2023-02-28T11:47:33+00:00","twitter_card":"summary_large_image","twitter_misc":{"Gesch\u00e4tzte Lesezeit":"5\u00a0Minuten"},"schema":{"@context":"https:\/\/schema.org","@graph":[{"@type":"WebPage","@id":"https:\/\/miramare.cultura.gov.it\/de\/nutzungsbedingungen\/","url":"https:\/\/miramare.cultura.gov.it\/de\/nutzungsbedingungen\/","name":"Nutzungsbedingungen | Museo Storico e Il Parco del Castello di Miramare","isPartOf":{"@id":"https:\/\/miramare.cultura.gov.it\/#website"},"datePublished":"2022-08-10T17:35:25+00:00","dateModified":"2023-02-28T11:47:33+00:00","description":"Nutzungsbedingungen | Museo Storico e Il Parco del Castello di Miramare | Un luogo nobile e romatico tra arte, natura e bellezza. |","breadcrumb":{"@id":"https:\/\/miramare.cultura.gov.it\/de\/nutzungsbedingungen\/#breadcrumb"},"inLanguage":"de","potentialAction":[{"@type":"ReadAction","target":["https:\/\/miramare.cultura.gov.it\/de\/nutzungsbedingungen\/"]}]},{"@type":"BreadcrumbList","@id":"https:\/\/miramare.cultura.gov.it\/de\/nutzungsbedingungen\/#breadcrumb","itemListElement":[{"@type":"ListItem","position":1,"name":"Home","item":"https:\/\/miramare.cultura.gov.it\/de\/"},{"@type":"ListItem","position":2,"name":"Nutzungsbedingungen"}]},{"@type":"WebSite","@id":"https:\/\/miramare.cultura.gov.it\/#website","url":"https:\/\/miramare.cultura.gov.it\/","name":"Museo Storico e Il Parco del Castello di Miramare","description":"Un luogo nobile e romatico tra arte, natura e bellezza.","potentialAction":[{"@type":"SearchAction","target":{"@type":"EntryPoint","urlTemplate":"https:\/\/miramare.cultura.gov.it\/?s={search_term_string}"},"query-input":{"@type":"PropertyValueSpecification","valueRequired":true,"valueName":"search_term_string"}}],"inLanguage":"de"}]}},"_links":{"self":[{"href":"https:\/\/miramare.cultura.gov.it\/de\/wp-json\/wp\/v2\/pages\/13870","targetHints":{"allow":["GET"]}}],"collection":[{"href":"https:\/\/miramare.cultura.gov.it\/de\/wp-json\/wp\/v2\/pages"}],"about":[{"href":"https:\/\/miramare.cultura.gov.it\/de\/wp-json\/wp\/v2\/types\/page"}],"author":[{"embeddable":true,"href":"https:\/\/miramare.cultura.gov.it\/de\/wp-json\/wp\/v2\/users\/1"}],"replies":[{"embeddable":true,"href":"https:\/\/miramare.cultura.gov.it\/de\/wp-json\/wp\/v2\/comments?post=13870"}],"version-history":[{"count":2,"href":"https:\/\/miramare.cultura.gov.it\/de\/wp-json\/wp\/v2\/pages\/13870\/revisions"}],"predecessor-version":[{"id":13873,"href":"https:\/\/miramare.cultura.gov.it\/de\/wp-json\/wp\/v2\/pages\/13870\/revisions\/13873"}],"wp:attachment":[{"href":"https:\/\/miramare.cultura.gov.it\/de\/wp-json\/wp\/v2\/media?parent=13870"}],"curies":[{"name":"wp","href":"https:\/\/api.w.org\/{rel}","templated":true}]}}