{"id":13877,"date":"2022-10-10T11:11:46","date_gmt":"2022-10-10T09:11:46","guid":{"rendered":"https:\/\/miramare.cultura.gov.it\/revoca-consensi\/"},"modified":"2023-02-28T14:39:18","modified_gmt":"2023-02-28T13:39:18","slug":"einwilligungen-widerrufen","status":"publish","type":"page","link":"https:\/\/miramare.cultura.gov.it\/de\/einwilligungen-widerrufen\/","title":{"rendered":"Einwilligungen widerrufen"},"content":{"rendered":"<p>[et_pb_section fb_built=&#8220;1&#8243; module_class=&#8220;inner-page-banner&#8220; _builder_version=&#8220;4.17.6&#8243; _module_preset=&#8220;default&#8220; background_image=&#8220;https:\/\/miramare.cultura.gov.it\/wp-content\/uploads\/2022\/08\/bg_102.webp&#8220; min_height=&#8220;100vh&#8220; locked=&#8220;off&#8220; global_colors_info=&#8220;{}&#8220;][et_pb_row _builder_version=&#8220;4.17.6&#8243; _module_preset=&#8220;default&#8220; global_colors_info=&#8220;{}&#8220;][et_pb_column type=&#8220;4_4&#8243; _builder_version=&#8220;4.17.6&#8243; _module_preset=&#8220;default&#8220; global_colors_info=&#8220;{}&#8220;][et_pb_text _builder_version=&#8220;4.19.0&#8243; _module_preset=&#8220;default&#8220; text_text_color=&#8220;#FFFFFF&#8220; header_text_color=&#8220;#FFFFFF&#8220; text_orientation=&#8220;right&#8220; text_orientation_tablet=&#8220;center&#8220; text_orientation_phone=&#8220;center&#8220; text_orientation_last_edited=&#8220;on|tablet&#8220; custom_css_main_element=&#8220;color:#fff;&#8220; global_colors_info=&#8220;{}&#8220;]<\/p>\n<h2>Einwilligungen<br \/>\nwiderrufen<\/h2>\n<p>[\/et_pb_text][\/et_pb_column][\/et_pb_row][\/et_pb_section][et_pb_section fb_built=&#8220;1&#8243; _builder_version=&#8220;4.18.0&#8243; _module_preset=&#8220;default&#8220; global_colors_info=&#8220;{}&#8220;][et_pb_row _builder_version=&#8220;4.18.0&#8243; _module_preset=&#8220;default&#8220; global_colors_info=&#8220;{}&#8220;][et_pb_column type=&#8220;4_4&#8243; _builder_version=&#8220;4.18.0&#8243; _module_preset=&#8220;default&#8220; global_colors_info=&#8220;{}&#8220;][et_pb_text _builder_version=&#8220;4.19.0&#8243; _module_preset=&#8220;default&#8220; hover_enabled=&#8220;0&#8243; global_colors_info=&#8220;{}&#8220; sticky_enabled=&#8220;0&#8243;]<\/p>\n<p>Liebe Nutzer, Sie haben die M\u00f6glichkeit, eine oder mehrere der unten genannten Einwilligungen zum Datenschutz per E-Mail an die Adresse <strong><a href=\"mailto:mu-mira@cultura.gov.it\">mu-mira@cultura.gov.it<\/a><\/strong> zu widerrufen, indem Sie eine oder mehrere Optionen nennen, die widerrufen werden sollen.<\/p>\n<ul>\n<li>Widerruf von Mitteilungen per E-Mail<\/li>\n<li>Widerruf von Marketing-Mitteilungen per E-Mail von Drittanbietern<\/li>\n<li>Widerruf von Targeting-Cookies (derzeit nicht verwendet)<\/li>\n<li>Widerruf von Targeting-Cookies von Drittanbietern zu Marketingzwecken (derzeit nicht verwendet)<\/li>\n<\/ul>\n<hr \/>\n<p><strong>Deaktivierung von Cookies durch Browsereinstellungen<\/strong><\/p>\n<p><strong>Chrome<\/strong><\/p>\n<ol>\n<li>Den Browser Chrome starten<\/li>\n<li>In der Symbolleiste des Browsers auf das Men\u00fc neben dem URL-Eingabe f\u00fcr die Navigation klicken<\/li>\n<li>Auf Einstellungen gehen<\/li>\n<li>Auf Erweiterte Einstellungen Anzeigen klicken<\/li>\n<li>Im Abschnitt \u201eDatenschutz\u201c die Schaltfl\u00e4che \u201eInhaltseinstellungen\u201c anklicken<\/li>\n<li>Im Abschnitt \u201eCookies\u201c k\u00f6nnen die folgenden Cookie-Einstellungen ge\u00e4ndert werden:<br \/>\u2013 Speichern lokaler Daten zulassen<br \/>\u2013 Lokale Daten nur nach Schlie\u00dfen des Browsers \u00e4ndern<br \/>\u2013 Setzen von Cookies durch Websites blockieren<br \/>\u2013 Cookies von Drittanbietern und Websitedaten sperren<br \/>\u2013 Ausnahmen f\u00fcr einige Websites einstellen<br \/>\u2013 Einen oder mehrere Cookies l\u00f6schen<\/li>\n<\/ol>\n<p><a role=\"link\" href=\"https:\/\/support.google.com\/accounts\/answer\/61416?hl=de\" target=\"_blank\" rel=\"noopener noreferrer\">Weitere genauere Informationen finden Sie auf der entsprechenden Seite.<\/a><\/p>\n<p><strong>Mozilla Firefox<\/strong><\/p>\n<ol>\n<li>Den Browser Mozilla Firefox starten<\/li>\n<li>In der Symbolleiste des Browsers auf das Men\u00fc neben dem URL-Eingabe f\u00fcr die Navigation klicken<\/li>\n<li>Auf Optionen gehen<\/li>\n<li>Den Reiter \u201eDatenschutz\u201c ausw\u00e4hlen<\/li>\n<li>Auf Erweiterte Einstellungen Anzeigen klicken<\/li>\n<li>Im Abschnitt \u201eDatenschutz\u201c auf \u201eInhaltseinstellungen\u201c klicken<\/li>\n<li>Im Abschnitt \u201eTracker\u201c k\u00f6nnen die folgenden Cookie-Einstellungen ge\u00e4ndert werden:<br \/>\u2013 Jede Art von Tracking durch die Websites blockieren<br \/>\u2013 Den Websites die Akzeptanz von Tracking mitteilen<br \/>\u2013 Keinerlei Pr\u00e4ferenz in Bezug auf das Tracking personenbezogener Daten eingeben<\/li>\n<li>Im Abschnitt \u201eChronik\u201c kann man:<br \/>\u2013 durch Freigabe von \u201eBenutzerdefinierte Einstellungen verwenden\u201c die Annahme von Drittanbieter-Cookies (Immer, Von meistbesuchten Websites oder Nie) und ihre Speicherung f\u00fcr einen bestimmten Zeitraum ausw\u00e4hlen (bis zu ihrem Ablauf, bis zum Schlie\u00dfen von Firefox oder jedes Mal nachfragen)<br \/>\u2013 einzelne gespeicherte Cookies l\u00f6schen<\/li>\n<\/ol>\n<p><a role=\"link\" href=\"https:\/\/support.mozilla.org\/de\/kb\/verbesserter-schutz-aktivitatenverfolgung-desktop?redirectslug=enable-and-disable-cookies-website-preferences&amp;redirectlocale=en-US\" target=\"_blank\" rel=\"noopener noreferrer\">Weitere genauere Informationen finden Sie auf der entsprechenden Seite.<\/a><\/p>\n<p><strong>Internet Explorer\/Edge<\/strong><\/p>\n<ol>\n<li>Den Browser Internet Explorer\/Edge starten<\/li>\n<li>Auf das Symbol Einstellungen gehen und Internetoptionen ausw\u00e4hlen<\/li>\n<li>Auf die Registerkarte Datenschutz gehen und im Abschnitt Einstellungen den Schieberegler je nach Wunsch einstellen:<br \/>\u2013 Alle Cookies blockieren<br \/>\u2013 Alle Cookies zulassen<br \/>\u2013 Auswahl von Websites, von denen Cookies akzeptiert werden: den Cursor auf eine mittlere Position stellen, um nicht alle Cookies zu blockieren bzw. zuzulassen. Anschlie\u00dfend auf Websites klicken, im Feld eine Website-Adresse eingeben und auf Blockieren oder Zulassen klicken<\/li>\n<\/ol>\n<p><a role=\"link\" href=\"https:\/\/support.microsoft.com\/de-de\/windows\/l%C3%B6schen-und-verwalten-von-cookies-168dab11-0753-043d-7c16-ede5947fc64d\" target=\"_blank\" rel=\"noopener noreferrer\">Weitere genauere Informationen finden Sie auf der entsprechenden Seite.<\/a><\/p>\n<p><strong>Safari <\/strong><\/p>\n<ol>\n<li>Den Browser Safari starten<\/li>\n<li>Auf Safari klicken, Einstellungen ausw\u00e4hlen und auf Datenschutz gehen<\/li>\n<li>Im Abschnitt \u201eCookies blockieren\u201c ausw\u00e4hlen, wie Safari die Cookies von Websites zulassen soll.<\/li>\n<li>Um anzuzeigen, von welchen Websites Cookies gespeichert sind, auf Details gehen<\/li>\n<\/ol>\n<p><a role=\"link\" href=\"https:\/\/support.apple.com\/kb\/PH17191?locale=it_IT&amp;viewlocale=it_IT\" target=\"_blank\" rel=\"noopener noreferrer\">Weitere genauere Informationen finden Sie auf der entsprechenden Seite.<\/a><\/p>\n<p><strong>Safari iOS (mobile Ger\u00e4te)<\/strong><\/p>\n<ol>\n<li>Den Browser Safari iOS starten<\/li>\n<li>Auf Einstellungen und anschlie\u00dfend Safari tippen<\/li>\n<li>\u201eCookies blockieren\u201c antippen und zwischen den verschiedenen Optionen \u201eNie\u201c, \u201eVon Drittanbietern und Werbedienstleistern\u201c oder \u201eImmer\u201c w\u00e4hlen<\/li>\n<li>Um alle von Safari gespeicherten Cookies zu l\u00f6schen, auf Einstellungen, Safari sowie Cookies und Daten l\u00f6schen tippen<\/li>\n<\/ol>\n<p><a role=\"link\" href=\"https:\/\/support.apple.com\/it-it\/HT201265#:~:text=Per%20cancellare%20la%20cronologia%20e%20i,delle%20informazioni%20di%20inserimento%20automatico.\" target=\"_blank\" rel=\"noopener noreferrer\">Weitere genauere Informationen finden Sie auf der entsprechenden Seite.<\/a><\/p>\n<p><strong>Opera<\/strong><\/p>\n<ol>\n<li>Den Browser Opera starten<\/li>\n<li>Auf Einstellungen, Erweiterte Einstellungen und Cookies klicken<\/li>\n<li>Eine der folgenden Optionen ausw\u00e4hlen:<br \/>\u2013 Alle Cookies zulassen<br \/>\u2013 Nur Cookies der besuchten Website zulassen: Cookies von Drittanbietern einer anderen Domain sind gesperrt<br \/>\u2013 Cookies nie zulassen: es werden keine Cookies gespeichert<\/li>\n<\/ol>\n<p><a role=\"link\" href=\"https:\/\/help.opera.com\/de\/latest\/web-preferences\/#cookies\" target=\"_blank\" rel=\"noopener noreferrer\">Weitere genauere Informationen finden Sie auf der entsprechenden Seite.<\/a><\/p>\n<p>Diese Seite kann per Link am Fu\u00df aller Seiten des Webauftritts gem\u00e4\u00df Art. 13 der DSGVO und den vereinfachten Modalit\u00e4ten f\u00fcr die Information sowie Einholung der Einwilligung zur Cookie-Verwendung ge\u00f6ffnet werden, die jeweils im Amtsblatt Nr. 126 vom 3. Juni 2014 sowie im Ma\u00dfnahmenregister Nr. 229 vom 8. Mai 2014 ver\u00f6ffentlicht wurden.<\/p>\n<p>[\/et_pb_text][\/et_pb_column][\/et_pb_row][\/et_pb_section]<\/p>\n","protected":false},"excerpt":{"rendered":"<p>Einwilligungen widerrufenLiebe Nutzer, Sie haben die M\u00f6glichkeit, eine oder mehrere der unten genannten Einwilligungen zum Datenschutz per E-Mail an die Adresse mu-mira@cultura.gov.it zu widerrufen, indem Sie eine oder mehrere Optionen nennen, die widerrufen werden sollen. Widerruf von Mitteilungen per E-Mail Widerruf von Marketing-Mitteilungen per E-Mail von Drittanbietern Widerruf von Targeting-Cookies (derzeit nicht verwendet) Widerruf von [&hellip;]<\/p>\n","protected":false},"author":1,"featured_media":0,"parent":0,"menu_order":0,"comment_status":"closed","ping_status":"closed","template":"","meta":{"_et_pb_use_builder":"on","_et_pb_old_content":"","_et_gb_content_width":"","footnotes":""},"class_list":["post-13877","page","type-page","status-publish","hentry"],"yoast_head":"<!-- This site is optimized with the Yoast SEO plugin v27.5 - https:\/\/yoast.com\/product\/yoast-seo-wordpress\/ -->\n<title>Einwilligungen widerrufen | Museo Storico e Il Parco del Castello di Miramare<\/title>\n<meta name=\"description\" content=\"Einwilligungen widerrufen | Museo Storico e Il Parco del Castello di Miramare | Un luogo nobile e romatico tra arte, natura e bellezza. |\" \/>\n<meta name=\"robots\" content=\"index, follow, max-snippet:-1, max-image-preview:large, max-video-preview:-1\" \/>\n<link rel=\"canonical\" href=\"https:\/\/miramare.cultura.gov.it\/de\/einwilligungen-widerrufen\/\" \/>\n<meta property=\"og:locale\" content=\"de_DE\" \/>\n<meta property=\"og:type\" content=\"article\" \/>\n<meta property=\"og:title\" content=\"Einwilligungen widerrufen | Museo Storico e Il Parco del Castello di Miramare\" \/>\n<meta property=\"og:description\" content=\"Einwilligungen widerrufen | Museo Storico e Il Parco del Castello di Miramare | Un luogo nobile e romatico tra arte, natura e bellezza. |\" \/>\n<meta property=\"og:url\" content=\"https:\/\/miramare.cultura.gov.it\/de\/einwilligungen-widerrufen\/\" \/>\n<meta property=\"og:site_name\" content=\"Museo Storico e Il Parco del Castello di Miramare\" \/>\n<meta property=\"article:modified_time\" content=\"2023-02-28T13:39:18+00:00\" \/>\n<meta name=\"twitter:card\" content=\"summary_large_image\" \/>\n<meta name=\"twitter:label1\" content=\"Gesch\u00e4tzte Lesezeit\" \/>\n\t<meta name=\"twitter:data1\" content=\"4\u00a0Minuten\" \/>\n<script type=\"application\/ld+json\" class=\"yoast-schema-graph\">{\"@context\":\"https:\\\/\\\/schema.org\",\"@graph\":[{\"@type\":\"WebPage\",\"@id\":\"https:\\\/\\\/miramare.cultura.gov.it\\\/de\\\/einwilligungen-widerrufen\\\/\",\"url\":\"https:\\\/\\\/miramare.cultura.gov.it\\\/de\\\/einwilligungen-widerrufen\\\/\",\"name\":\"Einwilligungen widerrufen | Museo Storico e Il Parco del Castello di Miramare\",\"isPartOf\":{\"@id\":\"https:\\\/\\\/miramare.cultura.gov.it\\\/#website\"},\"datePublished\":\"2022-10-10T09:11:46+00:00\",\"dateModified\":\"2023-02-28T13:39:18+00:00\",\"description\":\"Einwilligungen widerrufen | Museo Storico e Il Parco del Castello di Miramare | Un luogo nobile e romatico tra arte, natura e bellezza. |\",\"breadcrumb\":{\"@id\":\"https:\\\/\\\/miramare.cultura.gov.it\\\/de\\\/einwilligungen-widerrufen\\\/#breadcrumb\"},\"inLanguage\":\"de\",\"potentialAction\":[{\"@type\":\"ReadAction\",\"target\":[\"https:\\\/\\\/miramare.cultura.gov.it\\\/de\\\/einwilligungen-widerrufen\\\/\"]}]},{\"@type\":\"BreadcrumbList\",\"@id\":\"https:\\\/\\\/miramare.cultura.gov.it\\\/de\\\/einwilligungen-widerrufen\\\/#breadcrumb\",\"itemListElement\":[{\"@type\":\"ListItem\",\"position\":1,\"name\":\"Home\",\"item\":\"https:\\\/\\\/miramare.cultura.gov.it\\\/de\\\/\"},{\"@type\":\"ListItem\",\"position\":2,\"name\":\"Einwilligungen widerrufen\"}]},{\"@type\":\"WebSite\",\"@id\":\"https:\\\/\\\/miramare.cultura.gov.it\\\/#website\",\"url\":\"https:\\\/\\\/miramare.cultura.gov.it\\\/\",\"name\":\"Museo Storico e Il Parco del Castello di Miramare\",\"description\":\"Un luogo nobile e romatico tra arte, natura e bellezza.\",\"potentialAction\":[{\"@type\":\"SearchAction\",\"target\":{\"@type\":\"EntryPoint\",\"urlTemplate\":\"https:\\\/\\\/miramare.cultura.gov.it\\\/?s={search_term_string}\"},\"query-input\":{\"@type\":\"PropertyValueSpecification\",\"valueRequired\":true,\"valueName\":\"search_term_string\"}}],\"inLanguage\":\"de\"}]}<\/script>\n<!-- \/ Yoast SEO plugin. -->","yoast_head_json":{"title":"Einwilligungen widerrufen | Museo Storico e Il Parco del Castello di Miramare","description":"Einwilligungen widerrufen | Museo Storico e Il Parco del Castello di Miramare | Un luogo nobile e romatico tra arte, natura e bellezza. |","robots":{"index":"index","follow":"follow","max-snippet":"max-snippet:-1","max-image-preview":"max-image-preview:large","max-video-preview":"max-video-preview:-1"},"canonical":"https:\/\/miramare.cultura.gov.it\/de\/einwilligungen-widerrufen\/","og_locale":"de_DE","og_type":"article","og_title":"Einwilligungen widerrufen | Museo Storico e Il Parco del Castello di Miramare","og_description":"Einwilligungen widerrufen | Museo Storico e Il Parco del Castello di Miramare | Un luogo nobile e romatico tra arte, natura e bellezza. |","og_url":"https:\/\/miramare.cultura.gov.it\/de\/einwilligungen-widerrufen\/","og_site_name":"Museo Storico e Il Parco del Castello di Miramare","article_modified_time":"2023-02-28T13:39:18+00:00","twitter_card":"summary_large_image","twitter_misc":{"Gesch\u00e4tzte Lesezeit":"4\u00a0Minuten"},"schema":{"@context":"https:\/\/schema.org","@graph":[{"@type":"WebPage","@id":"https:\/\/miramare.cultura.gov.it\/de\/einwilligungen-widerrufen\/","url":"https:\/\/miramare.cultura.gov.it\/de\/einwilligungen-widerrufen\/","name":"Einwilligungen widerrufen | Museo Storico e Il Parco del Castello di Miramare","isPartOf":{"@id":"https:\/\/miramare.cultura.gov.it\/#website"},"datePublished":"2022-10-10T09:11:46+00:00","dateModified":"2023-02-28T13:39:18+00:00","description":"Einwilligungen widerrufen | Museo Storico e Il Parco del Castello di Miramare | Un luogo nobile e romatico tra arte, natura e bellezza. |","breadcrumb":{"@id":"https:\/\/miramare.cultura.gov.it\/de\/einwilligungen-widerrufen\/#breadcrumb"},"inLanguage":"de","potentialAction":[{"@type":"ReadAction","target":["https:\/\/miramare.cultura.gov.it\/de\/einwilligungen-widerrufen\/"]}]},{"@type":"BreadcrumbList","@id":"https:\/\/miramare.cultura.gov.it\/de\/einwilligungen-widerrufen\/#breadcrumb","itemListElement":[{"@type":"ListItem","position":1,"name":"Home","item":"https:\/\/miramare.cultura.gov.it\/de\/"},{"@type":"ListItem","position":2,"name":"Einwilligungen widerrufen"}]},{"@type":"WebSite","@id":"https:\/\/miramare.cultura.gov.it\/#website","url":"https:\/\/miramare.cultura.gov.it\/","name":"Museo Storico e Il Parco del Castello di Miramare","description":"Un luogo nobile e romatico tra arte, natura e bellezza.","potentialAction":[{"@type":"SearchAction","target":{"@type":"EntryPoint","urlTemplate":"https:\/\/miramare.cultura.gov.it\/?s={search_term_string}"},"query-input":{"@type":"PropertyValueSpecification","valueRequired":true,"valueName":"search_term_string"}}],"inLanguage":"de"}]}},"_links":{"self":[{"href":"https:\/\/miramare.cultura.gov.it\/de\/wp-json\/wp\/v2\/pages\/13877","targetHints":{"allow":["GET"]}}],"collection":[{"href":"https:\/\/miramare.cultura.gov.it\/de\/wp-json\/wp\/v2\/pages"}],"about":[{"href":"https:\/\/miramare.cultura.gov.it\/de\/wp-json\/wp\/v2\/types\/page"}],"author":[{"embeddable":true,"href":"https:\/\/miramare.cultura.gov.it\/de\/wp-json\/wp\/v2\/users\/1"}],"replies":[{"embeddable":true,"href":"https:\/\/miramare.cultura.gov.it\/de\/wp-json\/wp\/v2\/comments?post=13877"}],"version-history":[{"count":3,"href":"https:\/\/miramare.cultura.gov.it\/de\/wp-json\/wp\/v2\/pages\/13877\/revisions"}],"predecessor-version":[{"id":13893,"href":"https:\/\/miramare.cultura.gov.it\/de\/wp-json\/wp\/v2\/pages\/13877\/revisions\/13893"}],"wp:attachment":[{"href":"https:\/\/miramare.cultura.gov.it\/de\/wp-json\/wp\/v2\/media?parent=13877"}],"curies":[{"name":"wp","href":"https:\/\/api.w.org\/{rel}","templated":true}]}}