{"id":13918,"date":"2022-08-19T11:38:32","date_gmt":"2022-08-19T09:38:32","guid":{"rendered":"https:\/\/miramare.cultura.gov.it\/servizi\/"},"modified":"2024-09-11T12:56:01","modified_gmt":"2024-09-11T10:56:01","slug":"service","status":"publish","type":"page","link":"https:\/\/miramare.cultura.gov.it\/de\/service\/","title":{"rendered":"SERVICE"},"content":{"rendered":"<p>[et_pb_section fb_built=&#8220;1&#8243; module_class=&#8220;inner-page-banner&#8220; _builder_version=&#8220;4.18.0&#8243; _module_preset=&#8220;default&#8220; background_image=&#8220;https:\/\/miramare.cultura.gov.it\/wp-content\/uploads\/2022\/10\/Panorama_castello_miramare_drone.jpg&#8220; min_height=&#8220;100vh&#8220; locked=&#8220;off&#8220; global_colors_info=&#8220;{}&#8220;][et_pb_row _builder_version=&#8220;4.17.6&#8243; _module_preset=&#8220;default&#8220; global_colors_info=&#8220;{}&#8220;][et_pb_column type=&#8220;4_4&#8243; _builder_version=&#8220;4.17.6&#8243; _module_preset=&#8220;default&#8220; global_colors_info=&#8220;{}&#8220;][et_pb_text _builder_version=&#8220;4.21.0&#8243; _module_preset=&#8220;default&#8220; text_text_color=&#8220;#FFFFFF&#8220; header_text_color=&#8220;#FFFFFF&#8220; text_orientation=&#8220;right&#8220; text_orientation_tablet=&#8220;center&#8220; text_orientation_phone=&#8220;center&#8220; text_orientation_last_edited=&#8220;on|tablet&#8220; custom_css_main_element=&#8220;color:#fff;&#8220; global_colors_info=&#8220;{}&#8220;]<\/p>\n<h2 style=\"text-align: left;\">DIENSTLEISTUNGEN<\/h2>\n<p>[\/et_pb_text][\/et_pb_column][\/et_pb_row][\/et_pb_section][et_pb_section fb_built=&#8220;1&#8243; _builder_version=&#8220;4.18.0&#8243; _module_preset=&#8220;default&#8220; custom_padding=&#8220;0px||0px||true|false&#8220; saved_tabs=&#8220;all&#8220; global_colors_info=&#8220;{}&#8220;][et_pb_row column_structure=&#8220;1_2,1_2&#8243; use_custom_gutter=&#8220;on&#8220; gutter_width=&#8220;1&#8243; make_equal=&#8220;on&#8220; _builder_version=&#8220;4.18.0&#8243; _module_preset=&#8220;default&#8220; width=&#8220;100%&#8220; max_width=&#8220;2560px&#8220; module_alignment=&#8220;center&#8220; custom_padding=&#8220;0px||0px||true|false&#8220; global_colors_info=&#8220;{}&#8220;][et_pb_column type=&#8220;1_2&#8243; _builder_version=&#8220;4.17.6&#8243; _module_preset=&#8220;default&#8220; global_colors_info=&#8220;{}&#8220;][et_pb_divider show_divider=&#8220;off&#8220; _builder_version=&#8220;4.21.0&#8243; _module_preset=&#8220;default&#8220; background_image=&#8220;https:\/\/miramare.cultura.gov.it\/wp-content\/uploads\/2023\/08\/WhatsApp-Image-2023-08-08-at-15.00.53.jpeg&#8220; min_height=&#8220;400px&#8220; height=&#8220;100%&#8220; global_colors_info=&#8220;{}&#8220;][\/et_pb_divider][\/et_pb_column][et_pb_column type=&#8220;1_2&#8243; module_class=&#8220;pd-right&#8220; _builder_version=&#8220;4.18.0&#8243; _module_preset=&#8220;default&#8220; custom_padding=&#8220;5%||5%|5%|true|false&#8220; custom_padding_tablet=&#8220;|||5%|true|false&#8220; custom_padding_phone=&#8220;50px||50px||true|false&#8220; custom_padding_last_edited=&#8220;on|phone&#8220; global_colors_info=&#8220;{}&#8220;][et_pb_text admin_label=&#8220;Sono messi a disposizione del pubblico i seguenti servizi:&#8220; _builder_version=&#8220;4.21.0&#8243; _module_preset=&#8220;default&#8220; text_orientation=&#8220;right&#8220; custom_margin=&#8220;||0px||false|false&#8220; text_orientation_tablet=&#8220;center&#8220; text_orientation_phone=&#8220;center&#8220; text_orientation_last_edited=&#8220;on|tablet&#8220; custom_css_main_element=&#8220;line-height:2.5rem;&#8220; global_colors_info=&#8220;{}&#8220;]<\/p>\n<p>Die Besucher k\u00f6nnen folgende Serviceleistungen nutzen:<\/p>\n<p>[\/et_pb_text][et_pb_accordion module_class=&#8220;servizi_acc&#8220; _builder_version=&#8220;4.27.0&#8243; _module_preset=&#8220;default&#8220; global_colors_info=&#8220;{}&#8220;][et_pb_accordion_item title=&#8220;Audioguide&#8220; open=&#8220;on&#8220; _builder_version=&#8220;4.19.0&#8243; _module_preset=&#8220;default&#8220; global_colors_info=&#8220;{}&#8220;]<\/p>\n<p>Steht auf Italienisch, Deutsch, Englisch, Franz\u00f6sisch, Spanisch zur Verf\u00fcgung und kann gegen \u20ac 4,00 an der Kasse ausgeliehen werden (einzeln). Dauer: ca. 60 Minuten.<\/p>\n<p>[\/et_pb_accordion_item][et_pb_accordion_item title=&#8220;Gef\u00fchrte Besichtigungen&#8220; _builder_version=&#8220;4.23.1&#8243; _module_preset=&#8220;default&#8220; global_colors_info=&#8220;{}&#8220; open=&#8220;off&#8220;]<\/p>\n<p>F\u00fcr die Organisation einer gef\u00fchrten Besichtigung durch den Park wenden Sie sich bitte an folgende Nummer: 348\/3326765; miramare@studiodidatticanordest.it<u><\/u><\/p>\n<p>[\/et_pb_accordion_item][et_pb_accordion_item title=&#8220;Didaktische Angebote&#8220; _builder_version=&#8220;4.19.0&#8243; _module_preset=&#8220;default&#8220; global_colors_info=&#8220;{}&#8220; title__hover_enabled=&#8220;on|hover&#8220; title__hover=&#8220;Didaktische Angebote&#8220; open=&#8220;off&#8220;]<\/p>\n<p>Weitere Informationen \u00fcber unsere didaktischen Aktivit\u00e4ten f\u00fcr Schulen finden Sie auf die <a href=\"https:\/\/miramare.cultura.gov.it\/attivita-educative\/\">Seite der p\u00e4dagogischen Angebote.<\/a>.<\/p>\n<p>[\/et_pb_accordion_item][et_pb_accordion_item title=&#8220;Kostenlose Themenf\u00fchrungen&#8220; _builder_version=&#8220;4.19.0&#8243; _module_preset=&#8220;default&#8220; global_colors_info=&#8220;{}&#8220; open=&#8220;off&#8220;]<\/p>\n<p><strong>Zu besonderen Anl\u00e4ssen<\/strong> werden vom Team des <strong>Museo storico di Miramare<\/strong> thematische F\u00fchrungen abgehalten, f\u00fcr die lediglich die Bezahlung einer Eintrittskarte notwendig ist. Die entsprechenden Termine werden \u00fcber die Internetseite und die sozialen Netzwerke des Museums bekannt gegeben.<\/p>\n<p>[\/et_pb_accordion_item][et_pb_accordion_item title=&#8220;Elektrische Shuttlefahrzeuge&#8220; _builder_version=&#8220;4.27.0&#8243; _module_preset=&#8220;default&#8220; global_colors_info=&#8220;{}&#8220; open=&#8220;off&#8220;]<\/p>\n<p>Ein elektrische Sightseeing-Fahrzeug mit Fahrer erm\u00f6glicht eine bequeme Zufahrt der Besucher zum Schloss und f\u00fchrt Rundfahrten durch den oberen Teil des Parks durch.\u00a0<\/p>\n<p>[\/et_pb_accordion_item][et_pb_accordion_item title=&#8220;Cafeteria&#8220; _builder_version=&#8220;4.27.0&#8243; _module_preset=&#8220;default&#8220; global_colors_info=&#8220;{}&#8220; open=&#8220;off&#8220;]<\/p>\n<p>\u201eCAFF\u00c8 MASSIMILIANO\u201c:<br \/>Im Parterre des Parks.<br \/>\u00d6ffnungszeiten von 9.00 Uhr bis eine Stunde vor der Schlie\u00dfung des Parks.<br \/>Tel. +39 040 9828165.<\/p>\n<p>[\/et_pb_accordion_item][et_pb_accordion_item title=&#8220;Bookshop&#8220; _builder_version=&#8220;4.19.0&#8243; _module_preset=&#8220;default&#8220; global_colors_info=&#8220;{}&#8220; open=&#8220;off&#8220;]<\/p>\n<p>In der Vorhalle des Schlosses.<br \/>\nVerkauf von Postkarten, B\u00fcchern und Souvenirs.<\/p>\n<p>[\/et_pb_accordion_item][\/et_pb_accordion][et_pb_divider show_divider=&#8220;off&#8220; _builder_version=&#8220;4.17.6&#8243; _module_preset=&#8220;default&#8220; height=&#8220;60px&#8220; global_colors_info=&#8220;{}&#8220;][\/et_pb_divider][et_pb_button button_url=&#8220;\/servizi\/&#8220; button_text=&#8220;TUTTI I SERVIZI&#8220; button_alignment=&#8220;right&#8220; button_alignment_tablet=&#8220;center&#8220; button_alignment_phone=&#8220;center&#8220; button_alignment_last_edited=&#8220;on|phone&#8220; disabled_on=&#8220;on|on|on&#8220; admin_label=&#8220;pulsante tutti i servizi&#8220; module_class=&#8220;page-btn&#8220; _builder_version=&#8220;4.19.0&#8243; _module_preset=&#8220;default&#8220; display_conditions=&#8220;W3siaWQiOiI4MWRiM2UzZS0zMmQwLTRiYmQtOTI0ZC00MDUwZWRkYTNmZTIiLCJjb25kaXRpb24iOiJwYWdlIiwiY29uZGl0aW9uU2V0dGluZ3MiOnsiZGlzcGxheVJ1bGUiOiJpc05vdCIsImR5bmFtaWNQb3N0cyI6W3sibGFiZWwiOiJTZXJ2aXppIiwidmFsdWUiOiIxMjUxIn1dLCJwb3N0VHlwZUxhYmVsIjoiUGFnaW5lIiwiYWRtaW5MYWJlbCI6IlBhZ2luZSIsImVuYWJsZUNvbmRpdGlvbiI6Im9uIn0sIm9wZXJhdG9yIjoiT1IifV0=&#8220; disabled=&#8220;on&#8220; global_colors_info=&#8220;{}&#8220;][\/et_pb_button][\/et_pb_column][\/et_pb_row][\/et_pb_section][et_pb_section fb_built=&#8220;1&#8243; _builder_version=&#8220;4.18.0&#8243; _module_preset=&#8220;default&#8220; global_colors_info=&#8220;{}&#8220;][et_pb_row _builder_version=&#8220;4.18.0&#8243; _module_preset=&#8220;default&#8220; global_colors_info=&#8220;{}&#8220;][et_pb_column type=&#8220;4_4&#8243; _builder_version=&#8220;4.18.0&#8243; _module_preset=&#8220;default&#8220; global_colors_info=&#8220;{}&#8220;][et_pb_text admin_label=&#8220;Servizio riproduzioni&#8220; _builder_version=&#8220;4.21.0&#8243; _module_preset=&#8220;default&#8220; global_colors_info=&#8220;{}&#8220;]<\/p>\n<h3>REPRODUKTIONEN<\/h3>\n<p><strong>Aufnahmen und Verbreitung<\/strong><\/p>\n<p>Die Aufnahmen von Kulturg\u00fctern und deren Verbreitung zu Forschungs- und Studienzwecken sowie zum Zweck der freien Meinungs\u00e4u\u00dferung, des kreativen Ausdrucks und zur Bekanntmachung von kulturellem Erbe sind frei und bed\u00fcrfen keiner Genehmigung, wobei folgende Ausnahmen bestehen:<\/p>\n<ul>\n<li>es darf kein direkter oder indirekter Erwerbszweck vorliegen<\/li>\n<li>Foto- oder Videoaufnahmen d\u00fcrfen nur ohne Stative und zus\u00e4tzliche Lichtquellen (Blitz) durchgef\u00fchrt werden, wobei das Ber\u00fchren des Kulturguts strengstens untersagt ist<\/li>\n<li>die Verbreitung darf keine weitere &#8211; auch indirekte &#8211; Reproduktion zu Erwerbszwecken zur Folge haben.<\/li>\n<\/ul>\n<p><em><sub>Gesetzesquelle: Gesetzesverordnung Nr. 83 vom 31.5.2014, Art. 12, Absatz 3 (umgewandelt in Gesetz Nr. 106 vom 29.7.2014)<\/sub><\/em><\/p>\n<p><strong>Reproduktionsgenehmigung<\/strong><\/p>\n<p>F\u00fcr alle sonstigen Arten von Bild-, Video- oder Fotoaufnahmen muss im Vorfeld eine Genehmigung eingeholt werden, die je nach den geltenden Gesetzesvorschriften entweder kostenfrei oder gegen Bezahlung einer Geb\u00fchr erteilt wird.<\/p>\n<p>[\/et_pb_text][et_pb_blurb title=&#8220;Anfragemethode&#8220; use_icon=&#8220;on&#8220; font_icon=&#8220;&#x6c;||divi||400&#8243; icon_color=&#8220;#e04164&#8243; icon_placement=&#8220;left&#8220; content_max_width=&#8220;100%&#8220; disabled_on=&#8220;off|off|off&#8220; _builder_version=&#8220;4.21.2&#8243; _module_preset=&#8220;default&#8220; custom_padding=&#8220;20px|20px|20px|20px|true|true&#8220; border_width_all=&#8220;1px&#8220; border_color_all=&#8220;#e04164&#8243; global_colors_info=&#8220;{}&#8220;]<\/p>\n<p>Um Reproduktionsanfragen einzureichen, lesen Sie bitte die <a href=\"https:\/\/miramare.cultura.gov.it\/wp-content\/uploads\/2023\/08\/Regol-2023.pdf\" target=\"_blank\" rel=\"attachment noopener wp-att-11731\">Verordnung<\/a> f\u00fcllen Sie das entsprechende beigef\u00fcgte <a href=\"https:\/\/miramare.cultura.gov.it\/wp-content\/uploads\/2023\/08\/Modulo_concessione_diritti_di_riproduzione_MiC2023-ENG.pdf\" target=\"_blank\" rel=\"attachment noopener wp-att-11735\">Formular<\/a> aus und senden Sie es unterschrieben an die E-Mail-Adresse<br \/><a href=\"mailto:mu-mira@cultura.gov.it\"><strong>mu-mira@cultura.gov.it<\/strong><\/a>, in der Betreffzeile der E-Mail einf\u00fcgen: \u201e<em>Antrag auf Erlaubnis zur Reproduktion<\/em>\u201c.<\/p>\n<p>[\/et_pb_blurb][et_pb_text _builder_version=&#8220;4.21.0&#8243; _module_preset=&#8220;default&#8220; global_colors_info=&#8220;{}&#8220;]<\/p>\n<p><strong>F\u00fcr weitere Informationen wenden Sie sich bitte an die <a title=\"Ufficio Promozione e Comunicazione\" href=\"https:\/\/miramare.cultura.gov.it\/contatti\/#uffici1\">Abteilung Kunstgeschichte (Forschung und Ausstellungen)<\/a> des Museo Storico e il Parco del Castello di Miramare.<\/strong><\/p>\n<p><sub><a href=\"https:\/\/miramare.cultura.gov.it\/wp-content\/uploads\/2023\/08\/Regol-2023.pdf\" target=\"_blank\" rel=\"attachment wp-att-5085 noopener\">Regelung f\u00fcr Leihvergaben und Reproduktionen von Kulturg\u00fctern des Museo Storico e il Parco del Castello di Miramare<\/a><\/sub><\/p>\n<p>[\/et_pb_text][\/et_pb_column][\/et_pb_row][et_pb_row _builder_version=&#8220;4.21.0&#8243; _module_preset=&#8220;default&#8220; background_color=&#8220;RGBA(255,255,255,0)&#8220; global_colors_info=&#8220;{}&#8220;][et_pb_column type=&#8220;4_4&#8243; _builder_version=&#8220;4.18.0&#8243; _module_preset=&#8220;default&#8220; global_colors_info=&#8220;{}&#8220;][et_pb_text admin_label=&#8220;Organizzare eventi&#8220; _builder_version=&#8220;4.19.0&#8243; _module_preset=&#8220;default&#8220; global_colors_info=&#8220;{}&#8220;]<\/p>\n<h3>Veranstaltungsplanung<\/h3>\n<p>Es besteht jederzeit die M\u00f6glichkeit, im Museo Storico e il Parco del Castello di Miramare sowohl w\u00e4hrend als auch au\u00dferhalb der \u00d6ffnungszeiten private Veranstaltungen zu organisieren.<\/p>\n<p>W\u00e4hrend der \u00d6ffnungszeiten f\u00fcr den Publikumsverkehr k\u00f6nnen diese Veranstaltungen nur in R\u00e4umen stattfinden, die nicht f\u00fcr Besucher zug\u00e4nglich sind.<br \/>Au\u00dferhalb der \u00d6ffnungszeiten ist die Organisation von Events nach entsprechender Vereinbarung der Modalit\u00e4ten und Uhrzeiten auch in den Ausstellungsr\u00e4umen m\u00f6glich.<br \/>Die Dauer und der zeitliche Ablauf der Veranstaltung ist bei der Anfrage gemeinsam mit der Museumsleitung festzulegen.<\/p>\n<p><strong>Eventuelle Verl\u00e4ngerungen der vereinbarten Nutzungszeiten werden nachtr\u00e4glich angerechnet.<\/strong><\/p>\n<p>[\/et_pb_text][et_pb_blurb title=&#8220;Anfragemethode&#8220; use_icon=&#8220;on&#8220; font_icon=&#8220;&#x6c;||divi||400&#8243; icon_color=&#8220;#e04164&#8243; icon_placement=&#8220;left&#8220; content_max_width=&#8220;100%&#8220; disabled_on=&#8220;off|off|off&#8220; _builder_version=&#8220;4.21.2&#8243; _module_preset=&#8220;default&#8220; custom_padding=&#8220;20px|20px|20px|20px|true|true&#8220; border_width_all=&#8220;1px&#8220; border_color_all=&#8220;#e04164&#8243; locked=&#8220;off&#8220; global_colors_info=&#8220;{}&#8220;]<\/p>\n<p>Der Antrag auf Organisation von Veranstaltungen im Historischen Museum und im Schlosspark Miramare in Triest muss nach Durchsicht der <strong><a href=\"https:\/\/miramare.cultura.gov.it\/wp-content\/uploads\/2023\/08\/Regol-2023.pdf\" target=\"_blank\" rel=\"attachment wp-att-5098 noopener\">Konzessionsverordnung<\/a><\/strong>, auf dem entsprechenden beigef\u00fcgten <strong><a href=\"https:\/\/miramare.cultura.gov.it\/wp-content\/uploads\/2023\/08\/Modello_richiesta_concessione_uso_spazi_MiC2023-ENG.pdf\" target=\"_blank\" rel=\"attachment wp-att-5102 noopener\">Formular<\/a><\/strong>, ausgef\u00fcllt, unterschrieben und an die E-Mail-Adresse <strong><a href=\"mailto:mu-mira@cultura.gov.it\">mu-mira@cultura.gov.it<\/a> <\/strong>gesendet werden, in der Betreffzeile einf\u00fcgen: \u201e<em>Anfrage zur Organisation einer Veranstaltung<\/em>\u201c.<\/p>\n<p>[\/et_pb_blurb][et_pb_text _builder_version=&#8220;4.19.0&#8243; _module_preset=&#8220;default&#8220; global_colors_info=&#8220;{}&#8220;]<strong>F\u00fcr weitere Informationen wenden Sie sich bitte an die <a title=\"Ufficio Promozione e Comunicazione\" href=\"https:\/\/miramare.cultura.gov.it\/contatti\/#uffici1\">Marketing- und Kommunikationsabteilung<\/a> des Museo Storico e il Parco del Castello di Miramare.<\/strong>[\/et_pb_text][\/et_pb_column][\/et_pb_row][et_pb_row _builder_version=&#8220;4.21.0&#8243; _module_preset=&#8220;default&#8220; global_colors_info=&#8220;{}&#8220;][et_pb_column type=&#8220;4_4&#8243; _builder_version=&#8220;4.18.0&#8243; _module_preset=&#8220;default&#8220; global_colors_info=&#8220;{}&#8220;][et_pb_text admin_label=&#8220;Carta dei servizi&#8220; _builder_version=&#8220;4.21.0&#8243; _module_preset=&#8220;default&#8220; global_colors_info=&#8220;{}&#8220;]<\/p>\n<h3>DIENSTLEISTUNGSBEDINGUNGEN<\/h3>\n<p><strong>Die Qualit\u00e4tscharta f\u00fcr Dienstleistungen<\/strong>\u00a0legt Grunds\u00e4tze und Regeln f\u00fcr die Beziehungen zwischen den dienstleistenden Einrichtungen und den B\u00fcrgern fest, die von den Dienstleistungen Gebrauch machen.<\/p>\n<p>Sie stellt einen <strong>\u201ePakt\u201c mit den Nutzern dar und ist ein Kommunikationsmittel<\/strong>, das \u00fcber die angebotenen Dienstleistungen und garantierten Modalit\u00e4ten und Standards informiert, damit die Nutzer die Einhaltung der \u00fcbernommenen Verpflichtungen pr\u00fcfen und \u2013 auch in Form von Beschwerden \u2013 bewerten k\u00f6nnen.<\/p>\n<p><strong>Die Anwendung der Dienstleistungsbedingungen<\/strong> seitens der Einrichtungen des <strong>Italienischen Kulturministeriums<\/strong> ist Teil verschiedener Initiativen mit dem Ziel, die <strong>Wertsch\u00e4tzung des gepflegten Kulturerbes<\/strong> zu erh\u00f6hen und die Organisation von Aktivit\u00e4ten weitestgehend den Erwartungen der Nutzer anzupassen, wobei die Anforderungen an Schutz und Forschung zu ber\u00fccksichtigen sind.<\/p>\n<p>Die Dienstleistungsbedingungen werden regelm\u00e4\u00dfig aktualisiert, um das erreichte Qualit\u00e4tsniveau zu konsolidieren und positive \u00c4nderungen dank der Durchf\u00fchrung von Verbesserungen zu registrieren, die auch durch regelm\u00e4\u00dfige Meinungsumfragen der Benutzer ermittelt werden k\u00f6nnen.<\/p>\n<p>[\/et_pb_text][et_pb_button button_url=&#8220;\/wp-content\/uploads\/2022\/12\/Carta_Servizi_Miramare_21-12-22.pdf&#8220; button_text=&#8220;Laden Sie die Charta zur Qualit\u00e4t der Dienstleistungen herunter&#8220; button_alignment=&#8220;center&#8220; disabled_on=&#8220;off|off|off&#8220; _builder_version=&#8220;4.21.2&#8243; _module_preset=&#8220;default&#8220; custom_button=&#8220;on&#8220; button_text_size=&#8220;100%&#8220; button_bg_color=&#8220;#FFFFFF&#8220; button_border_width=&#8220;1px&#8220; button_border_color=&#8220;#e04164&#8243; button_icon=&#8220;&#xe05f;||divi||400&#8243; button_on_hover=&#8220;off&#8220; global_colors_info=&#8220;{}&#8220;][\/et_pb_button][\/et_pb_column][\/et_pb_row][\/et_pb_section]<\/p>\n","protected":false},"excerpt":{"rendered":"<p>DIENSTLEISTUNGENDie Besucher k\u00f6nnen folgende Serviceleistungen nutzen:Steht auf Italienisch, Deutsch, Englisch, Franz\u00f6sisch, Spanisch zur Verf\u00fcgung und kann gegen \u20ac 4,00 an der Kasse ausgeliehen werden (einzeln). Dauer: ca. 60 Minuten.F\u00fcr die Organisation einer gef\u00fchrten Besichtigung durch den Park wenden Sie sich bitte an folgende Nummer: 348\/3326765; miramare@studiodidatticanordest.itWeitere Informationen \u00fcber unsere didaktischen Aktivit\u00e4ten f\u00fcr Schulen finden Sie [&hellip;]<\/p>\n","protected":false},"author":1,"featured_media":0,"parent":0,"menu_order":0,"comment_status":"closed","ping_status":"closed","template":"","meta":{"_et_pb_use_builder":"on","_et_pb_old_content":"","_et_gb_content_width":"","footnotes":""},"class_list":["post-13918","page","type-page","status-publish","hentry"],"yoast_head":"<!-- This site is optimized with the Yoast SEO plugin v27.4 - https:\/\/yoast.com\/product\/yoast-seo-wordpress\/ -->\n<title>SERVICE | Museo Storico e Il Parco del Castello di Miramare<\/title>\n<meta name=\"description\" content=\"SERVICE | Museo Storico e Il Parco del Castello di Miramare | Un luogo nobile e romatico tra arte, natura e bellezza. |\" \/>\n<meta name=\"robots\" content=\"index, follow, max-snippet:-1, max-image-preview:large, max-video-preview:-1\" \/>\n<link rel=\"canonical\" href=\"https:\/\/miramare.cultura.gov.it\/de\/service\/\" \/>\n<meta property=\"og:locale\" content=\"de_DE\" \/>\n<meta property=\"og:type\" content=\"article\" \/>\n<meta property=\"og:title\" content=\"SERVICE | Museo Storico e Il Parco del Castello di Miramare\" \/>\n<meta property=\"og:description\" content=\"SERVICE | Museo Storico e Il Parco del Castello di Miramare | Un luogo nobile e romatico tra arte, natura e bellezza. |\" \/>\n<meta property=\"og:url\" content=\"https:\/\/miramare.cultura.gov.it\/de\/service\/\" \/>\n<meta property=\"og:site_name\" content=\"Museo Storico e Il Parco del Castello di Miramare\" \/>\n<meta property=\"article:modified_time\" content=\"2024-09-11T10:56:01+00:00\" \/>\n<meta name=\"twitter:card\" content=\"summary_large_image\" \/>\n<meta name=\"twitter:label1\" content=\"Gesch\u00e4tzte Lesezeit\" \/>\n\t<meta name=\"twitter:data1\" content=\"4\u00a0Minuten\" \/>\n<script type=\"application\/ld+json\" class=\"yoast-schema-graph\">{\"@context\":\"https:\\\/\\\/schema.org\",\"@graph\":[{\"@type\":\"WebPage\",\"@id\":\"https:\\\/\\\/miramare.cultura.gov.it\\\/de\\\/service\\\/\",\"url\":\"https:\\\/\\\/miramare.cultura.gov.it\\\/de\\\/service\\\/\",\"name\":\"SERVICE | Museo Storico e Il Parco del Castello di Miramare\",\"isPartOf\":{\"@id\":\"https:\\\/\\\/miramare.cultura.gov.it\\\/#website\"},\"datePublished\":\"2022-08-19T09:38:32+00:00\",\"dateModified\":\"2024-09-11T10:56:01+00:00\",\"description\":\"SERVICE | Museo Storico e Il Parco del Castello di Miramare | Un luogo nobile e romatico tra arte, natura e bellezza. |\",\"breadcrumb\":{\"@id\":\"https:\\\/\\\/miramare.cultura.gov.it\\\/de\\\/service\\\/#breadcrumb\"},\"inLanguage\":\"de\",\"potentialAction\":[{\"@type\":\"ReadAction\",\"target\":[\"https:\\\/\\\/miramare.cultura.gov.it\\\/de\\\/service\\\/\"]}]},{\"@type\":\"BreadcrumbList\",\"@id\":\"https:\\\/\\\/miramare.cultura.gov.it\\\/de\\\/service\\\/#breadcrumb\",\"itemListElement\":[{\"@type\":\"ListItem\",\"position\":1,\"name\":\"Home\",\"item\":\"https:\\\/\\\/miramare.cultura.gov.it\\\/de\\\/\"},{\"@type\":\"ListItem\",\"position\":2,\"name\":\"SERVICE\"}]},{\"@type\":\"WebSite\",\"@id\":\"https:\\\/\\\/miramare.cultura.gov.it\\\/#website\",\"url\":\"https:\\\/\\\/miramare.cultura.gov.it\\\/\",\"name\":\"Museo Storico e Il Parco del Castello di Miramare\",\"description\":\"Un luogo nobile e romatico tra arte, natura e bellezza.\",\"potentialAction\":[{\"@type\":\"SearchAction\",\"target\":{\"@type\":\"EntryPoint\",\"urlTemplate\":\"https:\\\/\\\/miramare.cultura.gov.it\\\/?s={search_term_string}\"},\"query-input\":{\"@type\":\"PropertyValueSpecification\",\"valueRequired\":true,\"valueName\":\"search_term_string\"}}],\"inLanguage\":\"de\"}]}<\/script>\n<!-- \/ Yoast SEO plugin. -->","yoast_head_json":{"title":"SERVICE | Museo Storico e Il Parco del Castello di Miramare","description":"SERVICE | Museo Storico e Il Parco del Castello di Miramare | Un luogo nobile e romatico tra arte, natura e bellezza. |","robots":{"index":"index","follow":"follow","max-snippet":"max-snippet:-1","max-image-preview":"max-image-preview:large","max-video-preview":"max-video-preview:-1"},"canonical":"https:\/\/miramare.cultura.gov.it\/de\/service\/","og_locale":"de_DE","og_type":"article","og_title":"SERVICE | Museo Storico e Il Parco del Castello di Miramare","og_description":"SERVICE | Museo Storico e Il Parco del Castello di Miramare | Un luogo nobile e romatico tra arte, natura e bellezza. |","og_url":"https:\/\/miramare.cultura.gov.it\/de\/service\/","og_site_name":"Museo Storico e Il Parco del Castello di Miramare","article_modified_time":"2024-09-11T10:56:01+00:00","twitter_card":"summary_large_image","twitter_misc":{"Gesch\u00e4tzte Lesezeit":"4\u00a0Minuten"},"schema":{"@context":"https:\/\/schema.org","@graph":[{"@type":"WebPage","@id":"https:\/\/miramare.cultura.gov.it\/de\/service\/","url":"https:\/\/miramare.cultura.gov.it\/de\/service\/","name":"SERVICE | Museo Storico e Il Parco del Castello di Miramare","isPartOf":{"@id":"https:\/\/miramare.cultura.gov.it\/#website"},"datePublished":"2022-08-19T09:38:32+00:00","dateModified":"2024-09-11T10:56:01+00:00","description":"SERVICE | Museo Storico e Il Parco del Castello di Miramare | Un luogo nobile e romatico tra arte, natura e bellezza. |","breadcrumb":{"@id":"https:\/\/miramare.cultura.gov.it\/de\/service\/#breadcrumb"},"inLanguage":"de","potentialAction":[{"@type":"ReadAction","target":["https:\/\/miramare.cultura.gov.it\/de\/service\/"]}]},{"@type":"BreadcrumbList","@id":"https:\/\/miramare.cultura.gov.it\/de\/service\/#breadcrumb","itemListElement":[{"@type":"ListItem","position":1,"name":"Home","item":"https:\/\/miramare.cultura.gov.it\/de\/"},{"@type":"ListItem","position":2,"name":"SERVICE"}]},{"@type":"WebSite","@id":"https:\/\/miramare.cultura.gov.it\/#website","url":"https:\/\/miramare.cultura.gov.it\/","name":"Museo Storico e Il Parco del Castello di Miramare","description":"Un luogo nobile e romatico tra arte, natura e bellezza.","potentialAction":[{"@type":"SearchAction","target":{"@type":"EntryPoint","urlTemplate":"https:\/\/miramare.cultura.gov.it\/?s={search_term_string}"},"query-input":{"@type":"PropertyValueSpecification","valueRequired":true,"valueName":"search_term_string"}}],"inLanguage":"de"}]}},"_links":{"self":[{"href":"https:\/\/miramare.cultura.gov.it\/de\/wp-json\/wp\/v2\/pages\/13918","targetHints":{"allow":["GET"]}}],"collection":[{"href":"https:\/\/miramare.cultura.gov.it\/de\/wp-json\/wp\/v2\/pages"}],"about":[{"href":"https:\/\/miramare.cultura.gov.it\/de\/wp-json\/wp\/v2\/types\/page"}],"author":[{"embeddable":true,"href":"https:\/\/miramare.cultura.gov.it\/de\/wp-json\/wp\/v2\/users\/1"}],"replies":[{"embeddable":true,"href":"https:\/\/miramare.cultura.gov.it\/de\/wp-json\/wp\/v2\/comments?post=13918"}],"version-history":[{"count":17,"href":"https:\/\/miramare.cultura.gov.it\/de\/wp-json\/wp\/v2\/pages\/13918\/revisions"}],"predecessor-version":[{"id":20869,"href":"https:\/\/miramare.cultura.gov.it\/de\/wp-json\/wp\/v2\/pages\/13918\/revisions\/20869"}],"wp:attachment":[{"href":"https:\/\/miramare.cultura.gov.it\/de\/wp-json\/wp\/v2\/media?parent=13918"}],"curies":[{"name":"wp","href":"https:\/\/api.w.org\/{rel}","templated":true}]}}