{"id":14080,"date":"2022-09-23T14:33:05","date_gmt":"2022-09-23T12:33:05","guid":{"rendered":"https:\/\/miramare.cultura.gov.it\/accessibilita\/"},"modified":"2024-11-29T21:52:07","modified_gmt":"2024-11-29T20:52:07","slug":"barrierefreiheit","status":"publish","type":"page","link":"https:\/\/miramare.cultura.gov.it\/de\/barrierefreiheit\/","title":{"rendered":"BARRIEREFREIHEIT"},"content":{"rendered":"<p>[et_pb_section fb_built=&#8220;1&#8243; module_class=&#8220;inner-page-banner&#8220; _builder_version=&#8220;4.18.0&#8243; _module_preset=&#8220;default&#8220; background_image=&#8220;https:\/\/miramare.cultura.gov.it\/wp-content\/uploads\/2022\/10\/Panorama_castello_miramare18.jpg&#8220; min_height=&#8220;100vh&#8220; locked=&#8220;off&#8220; global_colors_info=&#8220;{}&#8220;][et_pb_row _builder_version=&#8220;4.17.6&#8243; _module_preset=&#8220;default&#8220; global_colors_info=&#8220;{}&#8220;][et_pb_column type=&#8220;4_4&#8243; _builder_version=&#8220;4.17.6&#8243; _module_preset=&#8220;default&#8220; global_colors_info=&#8220;{}&#8220;][et_pb_text _builder_version=&#8220;4.19.0&#8243; _module_preset=&#8220;default&#8220; text_text_color=&#8220;#FFFFFF&#8220; header_text_color=&#8220;#FFFFFF&#8220; text_orientation=&#8220;right&#8220; text_orientation_tablet=&#8220;center&#8220; text_orientation_phone=&#8220;center&#8220; text_orientation_last_edited=&#8220;on|tablet&#8220; custom_css_main_element=&#8220;color:#fff;&#8220; global_colors_info=&#8220;{}&#8220;]<\/p>\n<h2>BARRIEREFREIHEIT<\/h2>\n<p>[\/et_pb_text][\/et_pb_column][\/et_pb_row][\/et_pb_section][et_pb_section fb_built=&#8220;1&#8243; _builder_version=&#8220;4.18.0&#8243; _module_preset=&#8220;default&#8220; global_colors_info=&#8220;{}&#8220;][et_pb_row _builder_version=&#8220;4.18.0&#8243; _module_preset=&#8220;default&#8220; global_colors_info=&#8220;{}&#8220;][et_pb_column type=&#8220;4_4&#8243; _builder_version=&#8220;4.18.0&#8243; _module_preset=&#8220;default&#8220; global_colors_info=&#8220;{}&#8220;][et_pb_text _builder_version=&#8220;4.27.4&#8243; _module_preset=&#8220;default&#8220; hover_enabled=&#8220;0&#8243; global_colors_info=&#8220;{}&#8220; sticky_enabled=&#8220;0&#8243;]<\/p>\n<p>Ein besonderes Anliegen der Leitung des Museo storico e il Parco del Castello di Miramare besteht darin, einem m\u00f6glichst breiten Publikum Zugang zu diesem Kulturerbe zu erm\u00f6glichen.<\/p>\n<p>Zu den zahlreichen Initiativen, die in diese Richtung unternommen wurden, geh\u00f6rt auch die Unterzeichnung des einvernehmlichen Protokolls zwischen dem Staatssekretariat im Amt des Ministerpr\u00e4sidenten, Ressort Familie und Behinderte, und der Region Friaul-Julisch Venetien im September 2018 in Anwesenheit des damaligen Ministerpr\u00e4sidenten Giuseppe Conte.<\/p>\n<p>Zu den zahlreichen Projekten, die die Museumsleitung in den letzten Jahren auf den Weg gebracht hat, geh\u00f6rt insbesondere der Aufzug im Innenbereich des Schlosses, dank dessen auch Personen mit eingeschr\u00e4nkter Bewegungsf\u00e4higkeit den ersten Stock des Museums erreichen k\u00f6nnen (auf Anfrage steht auch ein Rollstuhl zur Verf\u00fcgung).<\/p>\n<p>Weitere wichtige Initiativen der letzten Jahre in Bezug auf Barrierefreiheit sind au\u00dferdem die elektrischen Shuttlefahrzeuge f\u00fcr die Parkbesichtigung, die Erneuerung der externen (und demn\u00e4chst auch internen) Schautafeln mit QR-Code sowie die Einrichtung eines Tastwegs f\u00fcr Menschen mit Sehschw\u00e4chen oder Sehbehinderungen, der spezifische didaktische Hilfsmittel bereitstellt.<\/p>\n<p>Weitere verf\u00fcgbare Medien sind das 3D-Modell des Schlosses und Exemplare des Bandes Una giornata con gli arciduchi (Ein Tag mit den Erzherz\u00f6gen): Es handelt sich dabei um einen taktilen Museumsf\u00fchrer, der so gestaltet ist, dass er f\u00fcr m\u00f6glichst viele verschiedene Lesergruppen, insbesondere Kinder und Jugendliche, zug\u00e4nglich ist. Dank der taktilen Illustrationen im Relief und der in Gro\u00dfbuchstaben und Braille gedruckten Texte kann er auch von blinden und sehbehinderten Lesern verwendet werden. Die verwendete Schriftart Easyreading\u00a9 ist sehr gut lesbar und besonders f\u00fcr Leser mit Legasthenie geeignet. Diese Medien sind auf Anfrage kostenlos erh\u00e4ltlich.<\/p>\n<p>[\/et_pb_text][et_pb_accordion open_toggle_text_color=&#8220;#e04164&#8243; icon_color=&#8220;#e04164&#8243; use_icon_font_size=&#8220;on&#8220; icon_font_size=&#8220;22px&#8220; _builder_version=&#8220;4.27.4&#8243; _module_preset=&#8220;default&#8220; toggle_font_size=&#8220;100%&#8220; hover_enabled=&#8220;0&#8243; global_colors_info=&#8220;{}&#8220; sticky_enabled=&#8220;0&#8243;][et_pb_accordion_item title=&#8220;BARRIEREFREIHEIT IM SCHLOSS&#8220; open=&#8220;on&#8220; _builder_version=&#8220;4.19.0&#8243; _module_preset=&#8220;default&#8220; global_colors_info=&#8220;{}&#8220;]<\/p>\n<p>Das Museum kann dank <strong>seiner Barrierefreiheit<\/strong> von Besuchern mit eingeschr\u00e4nkter Bewegungsf\u00e4higkeit besucht werden.<br \/>Bei Bedarf stellt das Museum zudem einen <strong>Rollstuhl<\/strong> sowie entsprechende Hilfsmittel f\u00fcr die Verwendung des <strong>Aufzugs<\/strong> zur Verf\u00fcgung.<\/p>\n<p>[\/et_pb_accordion_item][et_pb_accordion_item title=&#8220;BARRIEREFREIHEIT IM PARK&#8220; _builder_version=&#8220;4.27.4&#8243; _module_preset=&#8220;default&#8220; hover_enabled=&#8220;0&#8243; global_colors_info=&#8220;{}&#8220; open=&#8220;off&#8220; sticky_enabled=&#8220;0&#8243;]<\/p>\n<p>Der vom Eingang \u201ePorta della Bora\u201c zum Schloss f\u00fchrende Weg <strong>Viale dei Lecci<\/strong> ist mit Rollst\u00fchlen sowie bei Bedarf mit behindertengerechten Fahrzeugen befahrbar. Auch die <strong>ehemaligen Reitst\u00e4lle<\/strong>, der <strong>Schlossvorplatz<\/strong> und die das <strong>Geb\u00e4ude umlaufende Terrasse<\/strong> sind <strong>problemlos<\/strong> f\u00fcr Besucher im Rollstuhl oder mit eingeschr\u00e4nkter Bewegungsf\u00e4higkeit <strong>zug\u00e4nglich<\/strong>. Um andere Bereiche des Parks (Parterre, Gew\u00e4chsh\u00e4user, Gartenhaus) zu besuchen, kann man mit der Museumsdirektion Kontakt aufnehmen, um eine Zufahrt \u00fcber Via Beirut mit einem PKW zu vereinbaren.<\/p>\n<p>Die taktilen Tafeln sind im Park frei zug\u00e4nglich. Sie bestehen aus vier mehrsprachigen taktilen Tafeln, die entlang der Besucherroute angebracht sind und das k\u00fcrzlich renovierte Leitsystem erg\u00e4nzen. Die Tafeln enthalten Textinhalte in Braille, Italienisch und Englisch mit erhabenen Zeichen und taktilen Karten.<\/p>\n<p>[\/et_pb_accordion_item][et_pb_accordion_item title=&#8220;PARKPLATZ&#8220; _builder_version=&#8220;4.19.0&#8243; _module_preset=&#8220;default&#8220; global_colors_info=&#8220;{}&#8220; open=&#8220;off&#8220;]<\/p>\n<p>Auf dem <strong>Parkplatz<\/strong> am Anfang des Zufahrtswegs zum Schloss am Eingang Porta della Bora sind <strong>zwei Parkpl\u00e4tze<\/strong> f\u00fcr Behinderte reserviert. Das Parken der Fahrzeuge ist kostenlos, sofern ein entsprechender Parkausweis f\u00fcr Behinderte ausgelegt wird.<\/p>\n<p>Au\u00dferdem k\u00f6nnen gem\u00e4\u00df Gesetzesverordnung vom 30. April 1992 Nr. 285, Art. 188, Absatz 3-bis <em>\u201eFahrzeuge im Dienste behinderter Menschen, die im Besitz des speziellen Parkausweises f\u00fcr Behinderte gem\u00e4\u00df Artikel 381, Absatz 2 der Verordnung sind, kostenlos auf zahlungspflichtigen Parkpl\u00e4tzen abstellen, sofern die ihnen vorbehaltenen Stellpl\u00e4tze bereits besetzt oder nicht verf\u00fcgbar sind\u201c<\/em>.<\/p>\n<p>Der ca. 300 m lange Zufahrtsweg zum Schloss (Viale dei Lecci) ist f\u00fcr Rollst\u00fchle befahrbar und kann nach vorheriger Anfrage f\u00fcr die direkte Zufahrt zum Museumseingang mit behindertengerechten Fahrzeugen genutzt werden. F\u00fcr das eventuelle <strong>Absenken des Automatikpollers<\/strong> am Anfang der Viale dei Lecci <strong>und die direkte Zufahrt zum Vorplatz<\/strong> des Schlosses kann man sich \u00fcber die Gegensprechanlage auf der linken Seite der \u201ePorta della Bora\u201c an den Pf\u00f6rtnerdienst wenden.<\/p>\n<p>[\/et_pb_accordion_item][et_pb_accordion_item title=&#8220;EINTRITT INS MUSEUM&#8220; _builder_version=&#8220;4.19.0&#8243; _module_preset=&#8220;default&#8220; global_colors_info=&#8220;{}&#8220; open=&#8220;off&#8220;]<\/p>\n<p><strong>Behinderte<\/strong> B\u00fcrger der Europ\u00e4ischen Union, die einen entsprechenden Behindertenausweis (Ministerialerlass Nr. 239 vom 20. April 2006) vorzeigen, haben gemeinsam mit einem Familienangeh\u00f6rigen oder einer anderen Begleitperson das Recht auf kostenlosen Eintritt ins Museum.<\/p>\n<p>[\/et_pb_accordion_item][et_pb_accordion_item title=&#8220;DIDAKTISCHE AKTIVIT\u00c4TEN UND MATERIALIEN&#8220; _builder_version=&#8220;4.19.0&#8243; _module_preset=&#8220;default&#8220; global_colors_info=&#8220;{}&#8220; open=&#8220;off&#8220;]<\/p>\n<p>Das Museum kann derzeit einige <strong>didaktische Materialien in Blindenschrift f\u00fcr den Besuch des Schlosses oder Parks<\/strong> bereitstellen, die in Zusammenarbeit mit dem Institut Rittmeyer Triest erstellt wurden. Diese mit Blindenkarten versehenen Materialien werden auf Anfrage <strong>kostenlos in italienischer, englischer und deutscher Sprache<\/strong> zur Verf\u00fcgung gestellt. Au\u00dferdem verf\u00fcgt das Museum \u00fcber ein <strong>ma\u00dfstabsgetreues 3D-Modell des Schlosses<\/strong>, das in Zusammenarbeit mit der Stadt Triest angefertigt wurde.<\/p>\n<p><strong>F\u00fcr die Reservierung der Materialien und einer qualifizierten Betreuung<\/strong> kann man sich an die <a title=\"Ufficio Servizi Educativi\" href=\"https:\/\/miramare.cultura.gov.it\/contatti\/#uffici4\">Abteilung Didaktische Aktivit\u00e4ten<\/a> im Museo storico e il Parco del Castello di Miramare wenden.<\/p>\n<p>Die Museumsleitung plant f\u00fcr die kommenden Monate zudem die Einrichtung mehrsprachiger Informationstafeln in Blindenschrift f\u00fcr den Park sowie eine \u00dcberarbeitung und Aktualisierung der didaktischen Materialien im Schloss. Besonderes Augenmerk soll dabei auch den Informationsmitteln f\u00fcr Menschen mit Sehbeeintr\u00e4chtigungen oder kognitiven Behinderungen gelten.<\/p>\n<p>[\/et_pb_accordion_item][\/et_pb_accordion][\/et_pb_column][\/et_pb_row][\/et_pb_section]<\/p>\n","protected":false},"excerpt":{"rendered":"<p>BARRIEREFREIHEITEin besonderes Anliegen der Leitung des Museo storico e il Parco del Castello di Miramare besteht darin, einem m\u00f6glichst breiten Publikum Zugang zu diesem Kulturerbe zu erm\u00f6glichen. Zu den zahlreichen Initiativen, die in diese Richtung unternommen wurden, geh\u00f6rt auch die Unterzeichnung des einvernehmlichen Protokolls zwischen dem Staatssekretariat im Amt des Ministerpr\u00e4sidenten, Ressort Familie und Behinderte, [&hellip;]<\/p>\n","protected":false},"author":1,"featured_media":0,"parent":0,"menu_order":0,"comment_status":"closed","ping_status":"closed","template":"","meta":{"_et_pb_use_builder":"on","_et_pb_old_content":"","_et_gb_content_width":"","footnotes":""},"class_list":["post-14080","page","type-page","status-publish","hentry"],"yoast_head":"<!-- This site is optimized with the Yoast SEO plugin v27.5 - https:\/\/yoast.com\/product\/yoast-seo-wordpress\/ -->\n<title>BARRIEREFREIHEIT | Museo Storico e Il Parco del Castello di Miramare<\/title>\n<meta name=\"description\" content=\"BARRIEREFREIHEIT | Museo Storico e Il Parco del Castello di Miramare | Un luogo nobile e romatico tra arte, natura e bellezza. |\" \/>\n<meta name=\"robots\" content=\"index, follow, max-snippet:-1, max-image-preview:large, max-video-preview:-1\" \/>\n<link rel=\"canonical\" href=\"https:\/\/miramare.cultura.gov.it\/de\/barrierefreiheit\/\" \/>\n<meta property=\"og:locale\" content=\"de_DE\" \/>\n<meta property=\"og:type\" content=\"article\" \/>\n<meta property=\"og:title\" content=\"BARRIEREFREIHEIT | Museo Storico e Il Parco del Castello di Miramare\" \/>\n<meta property=\"og:description\" content=\"BARRIEREFREIHEIT | Museo Storico e Il Parco del Castello di Miramare | Un luogo nobile e romatico tra arte, natura e bellezza. |\" \/>\n<meta property=\"og:url\" content=\"https:\/\/miramare.cultura.gov.it\/de\/barrierefreiheit\/\" \/>\n<meta property=\"og:site_name\" content=\"Museo Storico e Il Parco del Castello di Miramare\" \/>\n<meta property=\"article:modified_time\" content=\"2024-11-29T20:52:07+00:00\" \/>\n<meta name=\"twitter:card\" content=\"summary_large_image\" \/>\n<meta name=\"twitter:label1\" content=\"Gesch\u00e4tzte Lesezeit\" \/>\n\t<meta name=\"twitter:data1\" content=\"4\u00a0Minuten\" \/>\n<script type=\"application\/ld+json\" class=\"yoast-schema-graph\">{\"@context\":\"https:\\\/\\\/schema.org\",\"@graph\":[{\"@type\":\"WebPage\",\"@id\":\"https:\\\/\\\/miramare.cultura.gov.it\\\/de\\\/barrierefreiheit\\\/\",\"url\":\"https:\\\/\\\/miramare.cultura.gov.it\\\/de\\\/barrierefreiheit\\\/\",\"name\":\"BARRIEREFREIHEIT | Museo Storico e Il Parco del Castello di Miramare\",\"isPartOf\":{\"@id\":\"https:\\\/\\\/miramare.cultura.gov.it\\\/#website\"},\"datePublished\":\"2022-09-23T12:33:05+00:00\",\"dateModified\":\"2024-11-29T20:52:07+00:00\",\"description\":\"BARRIEREFREIHEIT | Museo Storico e Il Parco del Castello di Miramare | Un luogo nobile e romatico tra arte, natura e bellezza. |\",\"breadcrumb\":{\"@id\":\"https:\\\/\\\/miramare.cultura.gov.it\\\/de\\\/barrierefreiheit\\\/#breadcrumb\"},\"inLanguage\":\"de\",\"potentialAction\":[{\"@type\":\"ReadAction\",\"target\":[\"https:\\\/\\\/miramare.cultura.gov.it\\\/de\\\/barrierefreiheit\\\/\"]}]},{\"@type\":\"BreadcrumbList\",\"@id\":\"https:\\\/\\\/miramare.cultura.gov.it\\\/de\\\/barrierefreiheit\\\/#breadcrumb\",\"itemListElement\":[{\"@type\":\"ListItem\",\"position\":1,\"name\":\"Home\",\"item\":\"https:\\\/\\\/miramare.cultura.gov.it\\\/de\\\/\"},{\"@type\":\"ListItem\",\"position\":2,\"name\":\"BARRIEREFREIHEIT\"}]},{\"@type\":\"WebSite\",\"@id\":\"https:\\\/\\\/miramare.cultura.gov.it\\\/#website\",\"url\":\"https:\\\/\\\/miramare.cultura.gov.it\\\/\",\"name\":\"Museo Storico e Il Parco del Castello di Miramare\",\"description\":\"Un luogo nobile e romatico tra arte, natura e bellezza.\",\"potentialAction\":[{\"@type\":\"SearchAction\",\"target\":{\"@type\":\"EntryPoint\",\"urlTemplate\":\"https:\\\/\\\/miramare.cultura.gov.it\\\/?s={search_term_string}\"},\"query-input\":{\"@type\":\"PropertyValueSpecification\",\"valueRequired\":true,\"valueName\":\"search_term_string\"}}],\"inLanguage\":\"de\"}]}<\/script>\n<!-- \/ Yoast SEO plugin. -->","yoast_head_json":{"title":"BARRIEREFREIHEIT | Museo Storico e Il Parco del Castello di Miramare","description":"BARRIEREFREIHEIT | Museo Storico e Il Parco del Castello di Miramare | Un luogo nobile e romatico tra arte, natura e bellezza. |","robots":{"index":"index","follow":"follow","max-snippet":"max-snippet:-1","max-image-preview":"max-image-preview:large","max-video-preview":"max-video-preview:-1"},"canonical":"https:\/\/miramare.cultura.gov.it\/de\/barrierefreiheit\/","og_locale":"de_DE","og_type":"article","og_title":"BARRIEREFREIHEIT | Museo Storico e Il Parco del Castello di Miramare","og_description":"BARRIEREFREIHEIT | Museo Storico e Il Parco del Castello di Miramare | Un luogo nobile e romatico tra arte, natura e bellezza. |","og_url":"https:\/\/miramare.cultura.gov.it\/de\/barrierefreiheit\/","og_site_name":"Museo Storico e Il Parco del Castello di Miramare","article_modified_time":"2024-11-29T20:52:07+00:00","twitter_card":"summary_large_image","twitter_misc":{"Gesch\u00e4tzte Lesezeit":"4\u00a0Minuten"},"schema":{"@context":"https:\/\/schema.org","@graph":[{"@type":"WebPage","@id":"https:\/\/miramare.cultura.gov.it\/de\/barrierefreiheit\/","url":"https:\/\/miramare.cultura.gov.it\/de\/barrierefreiheit\/","name":"BARRIEREFREIHEIT | Museo Storico e Il Parco del Castello di Miramare","isPartOf":{"@id":"https:\/\/miramare.cultura.gov.it\/#website"},"datePublished":"2022-09-23T12:33:05+00:00","dateModified":"2024-11-29T20:52:07+00:00","description":"BARRIEREFREIHEIT | Museo Storico e Il Parco del Castello di Miramare | Un luogo nobile e romatico tra arte, natura e bellezza. |","breadcrumb":{"@id":"https:\/\/miramare.cultura.gov.it\/de\/barrierefreiheit\/#breadcrumb"},"inLanguage":"de","potentialAction":[{"@type":"ReadAction","target":["https:\/\/miramare.cultura.gov.it\/de\/barrierefreiheit\/"]}]},{"@type":"BreadcrumbList","@id":"https:\/\/miramare.cultura.gov.it\/de\/barrierefreiheit\/#breadcrumb","itemListElement":[{"@type":"ListItem","position":1,"name":"Home","item":"https:\/\/miramare.cultura.gov.it\/de\/"},{"@type":"ListItem","position":2,"name":"BARRIEREFREIHEIT"}]},{"@type":"WebSite","@id":"https:\/\/miramare.cultura.gov.it\/#website","url":"https:\/\/miramare.cultura.gov.it\/","name":"Museo Storico e Il Parco del Castello di Miramare","description":"Un luogo nobile e romatico tra arte, natura e bellezza.","potentialAction":[{"@type":"SearchAction","target":{"@type":"EntryPoint","urlTemplate":"https:\/\/miramare.cultura.gov.it\/?s={search_term_string}"},"query-input":{"@type":"PropertyValueSpecification","valueRequired":true,"valueName":"search_term_string"}}],"inLanguage":"de"}]}},"_links":{"self":[{"href":"https:\/\/miramare.cultura.gov.it\/de\/wp-json\/wp\/v2\/pages\/14080","targetHints":{"allow":["GET"]}}],"collection":[{"href":"https:\/\/miramare.cultura.gov.it\/de\/wp-json\/wp\/v2\/pages"}],"about":[{"href":"https:\/\/miramare.cultura.gov.it\/de\/wp-json\/wp\/v2\/types\/page"}],"author":[{"embeddable":true,"href":"https:\/\/miramare.cultura.gov.it\/de\/wp-json\/wp\/v2\/users\/1"}],"replies":[{"embeddable":true,"href":"https:\/\/miramare.cultura.gov.it\/de\/wp-json\/wp\/v2\/comments?post=14080"}],"version-history":[{"count":3,"href":"https:\/\/miramare.cultura.gov.it\/de\/wp-json\/wp\/v2\/pages\/14080\/revisions"}],"predecessor-version":[{"id":21607,"href":"https:\/\/miramare.cultura.gov.it\/de\/wp-json\/wp\/v2\/pages\/14080\/revisions\/21607"}],"wp:attachment":[{"href":"https:\/\/miramare.cultura.gov.it\/de\/wp-json\/wp\/v2\/media?parent=14080"}],"curies":[{"name":"wp","href":"https:\/\/api.w.org\/{rel}","templated":true}]}}