{"id":14117,"date":"2022-10-06T12:08:30","date_gmt":"2022-10-06T10:08:30","guid":{"rendered":"https:\/\/miramare.cultura.gov.it\/carlotta-del-belgio\/"},"modified":"2023-03-01T13:00:39","modified_gmt":"2023-03-01T12:00:39","slug":"charlotte-von-belgien","status":"publish","type":"page","link":"https:\/\/miramare.cultura.gov.it\/de\/charlotte-von-belgien\/","title":{"rendered":"Charlotte von Belgien"},"content":{"rendered":"<p>[et_pb_section fb_built=&#8220;1&#8243; module_class=&#8220;inner-page-banner&#8220; _builder_version=&#8220;4.18.0&#8243; _module_preset=&#8220;default&#8220; background_image=&#8220;https:\/\/miramare.cultura.gov.it\/wp-content\/uploads\/2022\/10\/miramare-carlotta-del-belgio.jpg&#8220; min_height=&#8220;100vh&#8220; locked=&#8220;off&#8220; global_colors_info=&#8220;{}&#8220;][et_pb_row _builder_version=&#8220;4.18.0&#8243; _module_preset=&#8220;default&#8220; global_colors_info=&#8220;{}&#8220;][et_pb_column type=&#8220;4_4&#8243; _builder_version=&#8220;4.17.6&#8243; _module_preset=&#8220;default&#8220; global_colors_info=&#8220;{}&#8220;][et_pb_text _builder_version=&#8220;4.19.0&#8243; _module_preset=&#8220;default&#8220; text_text_color=&#8220;#FFFFFF&#8220; header_text_color=&#8220;#FFFFFF&#8220; text_orientation=&#8220;right&#8220; hover_enabled=&#8220;0&#8243; text_orientation_tablet=&#8220;center&#8220; text_orientation_phone=&#8220;center&#8220; text_orientation_last_edited=&#8220;on|tablet&#8220; custom_css_main_element=&#8220;color:#fff;&#8220; global_colors_info=&#8220;{}&#8220; sticky_enabled=&#8220;0&#8243;]<\/p>\n<h2>Charlotte<br \/>\nvon Belgien<\/h2>\n<p>[\/et_pb_text][\/et_pb_column][\/et_pb_row][\/et_pb_section][et_pb_section fb_built=&#8220;1&#8243; _builder_version=&#8220;4.18.0&#8243; _module_preset=&#8220;default&#8220; global_colors_info=&#8220;{}&#8220;][et_pb_row column_structure=&#8220;3_5,2_5&#8243; _builder_version=&#8220;4.18.0&#8243; _module_preset=&#8220;default&#8220; global_colors_info=&#8220;{}&#8220;][et_pb_column type=&#8220;3_5&#8243; _builder_version=&#8220;4.18.0&#8243; _module_preset=&#8220;default&#8220; global_colors_info=&#8220;{}&#8220;][et_pb_text _builder_version=&#8220;4.19.0&#8243; _module_preset=&#8220;default&#8220; hover_enabled=&#8220;0&#8243; global_colors_info=&#8220;{}&#8220; sticky_enabled=&#8220;0&#8243;]<\/p>\n<p>Am 7. Juni 1840 wurde im belgischen Laeken Prinzessin Marie Charlotte von Sachsen-Coburg-Gotha als j\u00fcngstes Kind und einzige Tochter des K\u00f6nigs Leopold I. von Belgien und seiner zweiten Frau Louise Marie d\u2019Orl\u00e9ans geboren. Nachdem ihre Mutter an Tuberkulose verstorben war, wurde Charlotte der Gr\u00e4fin und Gouvernante Denise d\u2019Hulst anvertraut, einer engen Freundin der Familie, zu der sie eine innige Beziehung aufbaute.<\/p>\n<p>Als sie auf einem Hofball im Palast von Laeken Maximilian traf, f\u00fchlten sich beide umgehend zueinander hingezogen, so dass sie sich 1856 verlobten und einige Monate sp\u00e4ter heirateten. Die Hochzeitsreise f\u00fchrte sie in verschiedene St\u00e4dte, unter anderem nach Wien, Triest und Venedig.<\/p>\n<p>Am 6. September 1857 hielt das Ehepaar in Mailand Einzug, der Hauptstadt des K\u00f6nigreichs Lombardo-Venetien, dessen Generalgouverneur Maximilian war. Nach dem R\u00fccktritt Maximilians von diesem Amt zog Charlotte mit ihrem Mann nach Triest, wo sie in Miramare zun\u00e4chst das Gartenhaus und sp\u00e4ter das Schloss bezogen. W\u00e4hrend einer im November mit Maximilian begonnenen Reise blieb Charlotte einige Monate in Funchal auf der Insel Madeira, w\u00e4hrend Maximilian allein bis nach Brasilien weiterreiste.<\/p>\n<p>Im Juli 1859 kehrte das Paar nach Triest zur\u00fcck und verbrachte den Heiligen Abend in den Gem\u00e4chern des Erdgeschosses im Schloss Miramare, wo sie vier Jahre lang unbeschwert und sorglos lebten.<\/p>\n<p>Nachdem Maximilian von Habsburg die Kaiserkrone von Mexiko angeboten worden war, machte sich das Paar 1864 an Bord der Fregatte Novara auf die Reise in den neuen Kontinent.<\/p>\n<p>Das Leben in Mexiko gestaltete sich aufgrund der revolution\u00e4ren Bestrebungen von Benito Juarez als \u00e4u\u00dferst schwierig, weshalb Charlotte in Europa am Hofe Napoleons III. und bei Papst Pius IX. um milit\u00e4rische und wirtschaftliche Hilfe bat, die ihr jedoch abgeschlagen wurde. Als sich bei ihr erste Zeichen einer geistigen Erkrankung zeigten, wurde sie kurz darauf von ihrem Bruder Leopold II., dem K\u00f6nig von Belgien, nach Triest gebracht.<\/p>\n<p>Die \u00c4rzte Riedel und Jilek, bei denen Charlotte in Behandlung war, diagnostizierten einen Verwirrtheitszustand der Prinzessin. Maximilian, vor dem die Erkrankung der Gattin geheim gehalten werden sollte, wurde mitgeteilt, dass seine Frau an einer starken Hirnhautentz\u00fcndung leide.<\/p>\n<p>Inzwischen hatte sich die politische Situation in Mexiko weiter verschlechtert, was zur Erschie\u00dfung Maximilians am 19. Juni 1867 durch die revolution\u00e4ren Truppen von Benito Juarez f\u00fchrte.<\/p>\n<p>Die abgeschieden und unter strenger \u00dcberwachung im Gartenhaus lebende Charlotte erfuhrt jahrelang nichts vom tragischen Tod ihres Mannes. Kurze Zeit sp\u00e4ter, am 27. Juli 1867, holt die belgische K\u00f6nigin Maria-Henriette von \u00d6sterreich die Erzherzogen zu sich in ihr Heimatland Belgien, wo sie am 19. Juni 1927 mit 87 Jahren verstarb.<br \/>\nSie wurde in der Kirche Notre Dame in Laeken beigesetzt.<\/p>\n<p>[\/et_pb_text][\/et_pb_column][et_pb_column type=&#8220;2_5&#8243; _builder_version=&#8220;4.18.0&#8243; _module_preset=&#8220;default&#8220; global_colors_info=&#8220;{}&#8220;][et_pb_image src=&#8220;https:\/\/miramare.cultura.gov.it\/wp-content\/uploads\/2022\/10\/Carlotta-imperatrice-ritratto-di-E.-Heinrich.jpg&#8220; alt=&#8220;Carlotta-imperatrice-ritratto-di-E.-Heinrich&#8220; title_text=&#8220;Carlotta-imperatrice-ritratto-di-E.-Heinrich&#8220; _builder_version=&#8220;4.18.0&#8243; _module_preset=&#8220;default&#8220; global_colors_info=&#8220;{}&#8220;][\/et_pb_image][\/et_pb_column][\/et_pb_row][\/et_pb_section][et_pb_section fb_built=&#8220;1&#8243; module_class=&#8220;et_mouse_over_section&#8220; _builder_version=&#8220;4.17.6&#8243; _module_preset=&#8220;default&#8220; saved_tabs=&#8220;all&#8220; global_colors_info=&#8220;{}&#8220; global_module=&#8220;14094&#8243; theme_builder_area=&#8220;post_content&#8220;][et_pb_row column_structure=&#8220;2_3,1_3&#8243; make_equal=&#8220;on&#8220; _builder_version=&#8220;4.17.6&#8243; _module_preset=&#8220;default&#8220; global_colors_info=&#8220;{}&#8220; theme_builder_area=&#8220;post_content&#8220;][et_pb_column type=&#8220;2_3&#8243; module_class=&#8220;image_hover_grid_column&#8220; _builder_version=&#8220;4.17.6&#8243; _module_preset=&#8220;default&#8220; global_colors_info=&#8220;{}&#8220; theme_builder_area=&#8220;post_content&#8220;][et_pb_blurb title=&#8220;PERCORRI<br \/>LA STORIA&#8220; url=&#8220;#&#8220; url_new_window=&#8220;on&#8220; image=&#8220;https:\/\/miramare.cultura.gov.it\/wp-content\/uploads\/2022\/08\/img_19.jpg&#8220; disabled_on=&#8220;on|on|on&#8220; admin_label=&#8220;PERCORRI LA STORIA&#8220; module_class=&#8220;blurb_hover_img_01&#8243; _builder_version=&#8220;4.18.0&#8243; _module_preset=&#8220;default&#8220; animation=&#8220;off&#8220; link_option_url=&#8220;#&#8220; link_option_url_new_window=&#8220;on&#8220; disabled=&#8220;on&#8220; global_colors_info=&#8220;{}&#8220; theme_builder_area=&#8220;post_content&#8220;][\/et_pb_blurb][et_pb_blurb title=&#8220;IL CASTELLO&#8220; url=&#8220;\/il-castello#storia&#8220; image=&#8220;https:\/\/miramare.cultura.gov.it\/wp-content\/uploads\/2022\/08\/img_25.jpg&#8220; disabled_on=&#8220;on|on|on&#8220; admin_label=&#8220;IL CASTELLO&#8220; module_class=&#8220;blurb_hover_img_02&#8243; _builder_version=&#8220;4.18.0&#8243; _module_preset=&#8220;default&#8220; animation=&#8220;off&#8220; link_option_url=&#8220;\/il-castello#storia&#8220; disabled=&#8220;on&#8220; global_colors_info=&#8220;{}&#8220; theme_builder_area=&#8220;post_content&#8220;][\/et_pb_blurb][et_pb_blurb title=&#8220;IL PARCO&#8220; url=&#8220;\/il-parco#storia&#8220; image=&#8220;https:\/\/miramare.cultura.gov.it\/wp-content\/uploads\/2022\/08\/img_24.jpg&#8220; disabled_on=&#8220;on|on|on&#8220; admin_label=&#8220;IL PARCO&#8220; module_class=&#8220;blurb_hover_img_03&#8243; _builder_version=&#8220;4.18.0&#8243; _module_preset=&#8220;default&#8220; animation=&#8220;off&#8220; link_option_url=&#8220;\/il-parco#storia&#8220; disabled=&#8220;on&#8220; global_colors_info=&#8220;{}&#8220; theme_builder_area=&#8220;post_content&#8220;][\/et_pb_blurb][et_pb_blurb title=&#8220;Maximilian <br \/>von Habsburg&#8220; url=&#8220;\/massimiliano-d-asburgo\/&#8220; image=&#8220;https:\/\/miramare.cultura.gov.it\/wp-content\/uploads\/2022\/08\/img_19.jpg&#8220; admin_label=&#8220;MASSIMILIANO D\u2019ASBURGO&#8220; module_class=&#8220;blurb_hover_img_04&#8243; _builder_version=&#8220;4.19.0&#8243; _module_preset=&#8220;default&#8220; animation=&#8220;off&#8220; link_option_url=&#8220;\/massimiliano-d-asburgo\/&#8220; global_colors_info=&#8220;{}&#8220; theme_builder_area=&#8220;post_content&#8220;][\/et_pb_blurb][et_pb_blurb title=&#8220;Charlotte <br \/>von Belgien&#8220; url=&#8220;\/carlotta-del-belgio\/&#8220; image=&#8220;https:\/\/miramare.cultura.gov.it\/wp-content\/uploads\/2022\/08\/img_23.jpg&#8220; admin_label=&#8220;CARLOTTA DEL BELGIO&#8220; module_class=&#8220;blurb_hover_img_05&#8243; _builder_version=&#8220;4.19.0&#8243; _module_preset=&#8220;default&#8220; animation=&#8220;off&#8220; link_option_url=&#8220;\/carlotta-del-belgio\/&#8220; global_colors_info=&#8220;{}&#8220; theme_builder_area=&#8220;post_content&#8220;][\/et_pb_blurb][et_pb_blurb title=&#8220;Das Schloss Miramare <br \/>nach Maximilian&#8220; url=&#8220;\/miramare-dopo-massimiliano\/&#8220; image=&#8220;https:\/\/miramare.cultura.gov.it\/wp-content\/uploads\/2022\/08\/img_22.jpg&#8220; disabled_on=&#8220;off|off|off&#8220; admin_label=&#8220;MIRAMARE DOPO MASSILIANO&#8220; module_class=&#8220;blurb_hover_img_06&#8243; _builder_version=&#8220;4.19.0&#8243; _module_preset=&#8220;default&#8220; animation=&#8220;off&#8220; link_option_url=&#8220;\/miramare-dopo-massimiliano\/&#8220; global_colors_info=&#8220;{}&#8220; theme_builder_area=&#8220;post_content&#8220;][\/et_pb_blurb][et_pb_blurb title=&#8220;Amedeo <br \/> von Savoyen&#8220; url=&#8220;\/amedeo-di-savoia-aosta\/&#8220; image=&#8220;https:\/\/miramare.cultura.gov.it\/wp-content\/uploads\/2022\/10\/amedeo-savoia-aosta.jpg&#8220; alt=&#8220;amedeo-savoia-aosta&#8220; admin_label=&#8220;AMEDEO DI SAVOIA&#8220; module_class=&#8220;blurb_hover_img_08&#8243; _builder_version=&#8220;4.19.0&#8243; _module_preset=&#8220;default&#8220; animation=&#8220;off&#8220; link_option_url=&#8220;\/amedeo-di-savoia-aosta\/&#8220; global_colors_info=&#8220;{}&#8220; theme_builder_area=&#8220;post_content&#8220;][\/et_pb_blurb][et_pb_blurb title=&#8220;IL CASTELLO&#8220; image=&#8220;https:\/\/miramare.cultura.gov.it\/wp-content\/uploads\/2022\/11\/castello-di-miramare-storia.jpg&#8220; disabled_on=&#8220;off|off|off&#8220; admin_label=&#8220;il castello&#8220; module_class=&#8220;blurb_hover_img_07&#8243; _builder_version=&#8220;4.19.0&#8243; _module_preset=&#8220;default&#8220; animation=&#8220;off&#8220; link_option_url=&#8220;\/il-castello#castello-storia&#8220; global_colors_info=&#8220;{}&#8220; theme_builder_area=&#8220;post_content&#8220;][\/et_pb_blurb][et_pb_blurb title=&#8220;IL PARCO&#8220; image=&#8220;https:\/\/miramare.cultura.gov.it\/wp-content\/uploads\/2022\/11\/Parco_fiori_statua_miramare.jpg&#8220; disabled_on=&#8220;off|off|off&#8220; admin_label=&#8220;IL PARCO&#8220; module_class=&#8220;blurb_hover_img_09&#8243; _builder_version=&#8220;4.18.0&#8243; _module_preset=&#8220;default&#8220; animation=&#8220;off&#8220; link_option_url=&#8220;\/il-parco#parco-storia&#8220; global_colors_info=&#8220;{}&#8220; theme_builder_area=&#8220;post_content&#8220;][\/et_pb_blurb][\/et_pb_column][et_pb_column type=&#8220;1_3&#8243; module_class=&#8220;img_hover_content_column&#8220; _builder_version=&#8220;4.17.6&#8243; _module_preset=&#8220;default&#8220; global_colors_info=&#8220;{}&#8220; theme_builder_area=&#8220;post_content&#8220;][et_pb_blurb title=&#8220;PERCORRI LA STORIA&#8220; disabled_on=&#8220;on|on|on&#8220; admin_label=&#8220;PERCORRI LA STORIA&#8220; module_class=&#8220;blurb_hover_content_01&#8243; _builder_version=&#8220;4.18.0&#8243; _module_preset=&#8220;default&#8220; header_level=&#8220;h3&#8243; disabled=&#8220;on&#8220; global_colors_info=&#8220;{}&#8220; theme_builder_area=&#8220;post_content&#8220;]l Castello di Miramare e il suo Parco sorgono per volont\u00e0 dell\u2019arciduca Massimiliano d\u2019Asburgo che decide, attorno al 1855, di farsi costruire alla periferia di Trieste una residenza consona al proprio rango, affacciata sul mare e cinta da un esteso giardino.[\/et_pb_blurb][et_pb_blurb title=&#8220;IL CASTELLO&#8220; disabled_on=&#8220;on|on|on&#8220; admin_label=&#8220;IL CASTELLO&#8220; module_class=&#8220;blurb_hover_content_02&#8243; _builder_version=&#8220;4.18.0&#8243; _module_preset=&#8220;default&#8220; header_level=&#8220;h3&#8243; disabled=&#8220;on&#8220; global_colors_info=&#8220;{}&#8220; theme_builder_area=&#8220;post_content&#8220;]<\/p>\n<p>l Castello di Miramare e il suo Parco sorgono per volont\u00e0 dell\u2019arciduca Massimiliano d\u2019Asburgo che decide, attorno al 1855, di farsi costruire alla periferia di Trieste una residenza consona al proprio rango, affacciata sul mare e cinta da un esteso giardino.<\/p>\n<p>[\/et_pb_blurb][et_pb_blurb title=&#8220;IL PARCO&#8220; disabled_on=&#8220;on|on|on&#8220; admin_label=&#8220;IL PARCO&#8220; module_class=&#8220;blurb_hover_content_03&#8243; _builder_version=&#8220;4.18.0&#8243; _module_preset=&#8220;default&#8220; header_level=&#8220;h3&#8243; disabled=&#8220;on&#8220; global_colors_info=&#8220;{}&#8220; theme_builder_area=&#8220;post_content&#8220;]<\/p>\n<p>l Castello di Miramare e il suo Parco sorgono per volont\u00e0 dell\u2019arciduca Massimiliano d\u2019Asburgo che decide, attorno al 1855, di farsi costruire alla periferia di Trieste una residenza consona al proprio rango, affacciata sul mare e cinta da un esteso giardino.<\/p>\n<p>[\/et_pb_blurb][et_pb_blurb title=&#8220;Maximilian von Habsburg&#8220; admin_label=&#8220;MASSIMILIANO D\u2019ASBURGO&#8220; module_class=&#8220;blurb_hover_content_04&#8243; _builder_version=&#8220;4.19.0&#8243; _module_preset=&#8220;default&#8220; header_level=&#8220;h3&#8243; global_colors_info=&#8220;{}&#8220; theme_builder_area=&#8220;post_content&#8220;]<\/p>\n<p>Am 6. Juli 1832 wurde in Schloss Sch\u00f6nbrunn bei Wien Ferdinand Maximilian von Habsburg-Lothringen, &#8230;<\/p>\n<p>[\/et_pb_blurb][et_pb_blurb title=&#8220;Charlotte von Belgien&#8220; admin_label=&#8220;CARLOTTA DEL BELGIO&#8220; module_class=&#8220;blurb_hover_content_05&#8243; _builder_version=&#8220;4.19.0&#8243; _module_preset=&#8220;default&#8220; header_level=&#8220;h3&#8243; global_colors_info=&#8220;{}&#8220; theme_builder_area=&#8220;post_content&#8220;]Am 7. Juni 1840 wurde im belgischen Laeken Prinzessin Marie Charlotte von Sachsen-Coburg-Gotha &#8230;[\/et_pb_blurb][et_pb_blurb title=&#8220;Das Schloss Miramare nach Maximilian&#8220; disabled_on=&#8220;off|off|off&#8220; admin_label=&#8220;MIRAMARE DOPO MASSILIANO&#8220; module_class=&#8220;blurb_hover_content_06&#8243; _builder_version=&#8220;4.19.0&#8243; _module_preset=&#8220;default&#8220; header_level=&#8220;h3&#8243; global_colors_info=&#8220;{}&#8220; theme_builder_area=&#8220;post_content&#8220;]<\/p>\n<p>Nach dem Tod Maximilians und der Abreise Charlottes nach Belgien im Jahre 1867 weilten Mitglieder&#8230;<\/p>\n<p>[\/et_pb_blurb][et_pb_blurb title=&#8220;Amedeo von Savoyen&#8220; admin_label=&#8220;AMEDEO DI SAVOIA&#8220; module_class=&#8220;blurb_hover_content_08&#8243; _builder_version=&#8220;4.19.0&#8243; _module_preset=&#8220;default&#8220; header_level=&#8220;h3&#8243; global_colors_info=&#8220;{}&#8220; theme_builder_area=&#8220;post_content&#8220;]<\/p>\n<p>Im Jahr 1930 \u00fcberlie\u00df die italienische Regierung das Schloss Miramare Herzog Amedeo von Savoyen-Aosta als Wohnsitz&#8230;<\/p>\n<p>[\/et_pb_blurb][et_pb_blurb title=&#8220;IL CASTELLO&#8220; disabled_on=&#8220;off|off|off&#8220; admin_label=&#8220;il castello&#8220; module_class=&#8220;blurb_hover_content_07&#8243; _builder_version=&#8220;4.18.0&#8243; _module_preset=&#8220;default&#8220; header_level=&#8220;h3&#8243; global_colors_info=&#8220;{}&#8220; theme_builder_area=&#8220;post_content&#8220;]<\/p>\n<p>Il Castello di Miramare e il suo Parco sorgono per volont\u00e0 dell\u2019arciduca Massimiliano d\u2019Asburgo che decide, attorno al 1855, di farsi costruire alla periferia di Trieste una residenza consona al proprio rango, affacciata sul mare e cinta da un esteso giardino&#8230;<\/p>\n<p>[\/et_pb_blurb][et_pb_blurb title=&#8220;IL PARCO&#8220; disabled_on=&#8220;off|off|off&#8220; admin_label=&#8220;MIRAMARE NEGLI ANNI 40-50&#8243; module_class=&#8220;blurb_hover_content_09&#8243; _builder_version=&#8220;4.18.0&#8243; _module_preset=&#8220;default&#8220; header_level=&#8220;h3&#8243; global_colors_info=&#8220;{}&#8220; theme_builder_area=&#8220;post_content&#8220;]<\/p>\n<p>Il Parco di Miramare, con i suoi ventidue ettari di superficie, \u00e8 il risultato dell\u2019impegnativo intervento condotto nell\u2019arco di molti anni da Massimiliano d\u2019Asburgo sul promontorio roccioso di Grignano&#8230;<\/p>\n<p>[\/et_pb_blurb][et_pb_button button_text=&#8220;LA STORIA&#8220; button_alignment=&#8220;right&#8220; button_alignment_tablet=&#8220;center&#8220; button_alignment_phone=&#8220;center&#8220; button_alignment_last_edited=&#8220;on|phone&#8220; disabled_on=&#8220;on|on|on&#8220; module_class=&#8220;page-btn&#8220; _builder_version=&#8220;4.18.0&#8243; _module_preset=&#8220;default&#8220; disabled=&#8220;on&#8220; global_colors_info=&#8220;{}&#8220; theme_builder_area=&#8220;post_content&#8220;][\/et_pb_button][\/et_pb_column][\/et_pb_row][\/et_pb_section]<\/p>\n","protected":false},"excerpt":{"rendered":"<p>Charlotte von BelgienAm 7. Juni 1840 wurde im belgischen Laeken Prinzessin Marie Charlotte von Sachsen-Coburg-Gotha als j\u00fcngstes Kind und einzige Tochter des K\u00f6nigs Leopold I. von Belgien und seiner zweiten Frau Louise Marie d\u2019Orl\u00e9ans geboren. Nachdem ihre Mutter an Tuberkulose verstorben war, wurde Charlotte der Gr\u00e4fin und Gouvernante Denise d\u2019Hulst anvertraut, einer engen Freundin der [&hellip;]<\/p>\n","protected":false},"author":1,"featured_media":0,"parent":0,"menu_order":0,"comment_status":"closed","ping_status":"closed","template":"","meta":{"_et_pb_use_builder":"on","_et_pb_old_content":"","_et_gb_content_width":"","footnotes":""},"class_list":["post-14117","page","type-page","status-publish","hentry"],"yoast_head":"<!-- This site is optimized with the Yoast SEO plugin v27.5 - https:\/\/yoast.com\/product\/yoast-seo-wordpress\/ -->\n<title>Charlotte von Belgien | Museo Storico e Il Parco del Castello di Miramare<\/title>\n<meta name=\"description\" content=\"Charlotte von Belgien | Museo Storico e Il Parco del Castello di Miramare | Un luogo nobile e romatico tra arte, natura e bellezza. |\" \/>\n<meta name=\"robots\" content=\"index, follow, max-snippet:-1, max-image-preview:large, max-video-preview:-1\" \/>\n<link rel=\"canonical\" href=\"https:\/\/miramare.cultura.gov.it\/de\/charlotte-von-belgien\/\" \/>\n<meta property=\"og:locale\" content=\"de_DE\" \/>\n<meta property=\"og:type\" content=\"article\" \/>\n<meta property=\"og:title\" content=\"Charlotte von Belgien | Museo Storico e Il Parco del Castello di Miramare\" \/>\n<meta property=\"og:description\" content=\"Charlotte von Belgien | Museo Storico e Il Parco del Castello di Miramare | Un luogo nobile e romatico tra arte, natura e bellezza. |\" \/>\n<meta property=\"og:url\" content=\"https:\/\/miramare.cultura.gov.it\/de\/charlotte-von-belgien\/\" \/>\n<meta property=\"og:site_name\" content=\"Museo Storico e Il Parco del Castello di Miramare\" \/>\n<meta property=\"article:modified_time\" content=\"2023-03-01T12:00:39+00:00\" \/>\n<meta name=\"twitter:card\" content=\"summary_large_image\" \/>\n<meta name=\"twitter:label1\" content=\"Gesch\u00e4tzte Lesezeit\" \/>\n\t<meta name=\"twitter:data1\" content=\"6\u00a0Minuten\" \/>\n<script type=\"application\/ld+json\" class=\"yoast-schema-graph\">{\"@context\":\"https:\\\/\\\/schema.org\",\"@graph\":[{\"@type\":\"WebPage\",\"@id\":\"https:\\\/\\\/miramare.cultura.gov.it\\\/de\\\/charlotte-von-belgien\\\/\",\"url\":\"https:\\\/\\\/miramare.cultura.gov.it\\\/de\\\/charlotte-von-belgien\\\/\",\"name\":\"Charlotte von Belgien | Museo Storico e Il Parco del Castello di Miramare\",\"isPartOf\":{\"@id\":\"https:\\\/\\\/miramare.cultura.gov.it\\\/#website\"},\"datePublished\":\"2022-10-06T10:08:30+00:00\",\"dateModified\":\"2023-03-01T12:00:39+00:00\",\"description\":\"Charlotte von Belgien | Museo Storico e Il Parco del Castello di Miramare | Un luogo nobile e romatico tra arte, natura e bellezza. |\",\"breadcrumb\":{\"@id\":\"https:\\\/\\\/miramare.cultura.gov.it\\\/de\\\/charlotte-von-belgien\\\/#breadcrumb\"},\"inLanguage\":\"de\",\"potentialAction\":[{\"@type\":\"ReadAction\",\"target\":[\"https:\\\/\\\/miramare.cultura.gov.it\\\/de\\\/charlotte-von-belgien\\\/\"]}]},{\"@type\":\"BreadcrumbList\",\"@id\":\"https:\\\/\\\/miramare.cultura.gov.it\\\/de\\\/charlotte-von-belgien\\\/#breadcrumb\",\"itemListElement\":[{\"@type\":\"ListItem\",\"position\":1,\"name\":\"Home\",\"item\":\"https:\\\/\\\/miramare.cultura.gov.it\\\/de\\\/\"},{\"@type\":\"ListItem\",\"position\":2,\"name\":\"Charlotte von Belgien\"}]},{\"@type\":\"WebSite\",\"@id\":\"https:\\\/\\\/miramare.cultura.gov.it\\\/#website\",\"url\":\"https:\\\/\\\/miramare.cultura.gov.it\\\/\",\"name\":\"Museo Storico e Il Parco del Castello di Miramare\",\"description\":\"Un luogo nobile e romatico tra arte, natura e bellezza.\",\"potentialAction\":[{\"@type\":\"SearchAction\",\"target\":{\"@type\":\"EntryPoint\",\"urlTemplate\":\"https:\\\/\\\/miramare.cultura.gov.it\\\/?s={search_term_string}\"},\"query-input\":{\"@type\":\"PropertyValueSpecification\",\"valueRequired\":true,\"valueName\":\"search_term_string\"}}],\"inLanguage\":\"de\"}]}<\/script>\n<!-- \/ Yoast SEO plugin. -->","yoast_head_json":{"title":"Charlotte von Belgien | Museo Storico e Il Parco del Castello di Miramare","description":"Charlotte von Belgien | Museo Storico e Il Parco del Castello di Miramare | Un luogo nobile e romatico tra arte, natura e bellezza. |","robots":{"index":"index","follow":"follow","max-snippet":"max-snippet:-1","max-image-preview":"max-image-preview:large","max-video-preview":"max-video-preview:-1"},"canonical":"https:\/\/miramare.cultura.gov.it\/de\/charlotte-von-belgien\/","og_locale":"de_DE","og_type":"article","og_title":"Charlotte von Belgien | Museo Storico e Il Parco del Castello di Miramare","og_description":"Charlotte von Belgien | Museo Storico e Il Parco del Castello di Miramare | Un luogo nobile e romatico tra arte, natura e bellezza. |","og_url":"https:\/\/miramare.cultura.gov.it\/de\/charlotte-von-belgien\/","og_site_name":"Museo Storico e Il Parco del Castello di Miramare","article_modified_time":"2023-03-01T12:00:39+00:00","twitter_card":"summary_large_image","twitter_misc":{"Gesch\u00e4tzte Lesezeit":"6\u00a0Minuten"},"schema":{"@context":"https:\/\/schema.org","@graph":[{"@type":"WebPage","@id":"https:\/\/miramare.cultura.gov.it\/de\/charlotte-von-belgien\/","url":"https:\/\/miramare.cultura.gov.it\/de\/charlotte-von-belgien\/","name":"Charlotte von Belgien | Museo Storico e Il Parco del Castello di Miramare","isPartOf":{"@id":"https:\/\/miramare.cultura.gov.it\/#website"},"datePublished":"2022-10-06T10:08:30+00:00","dateModified":"2023-03-01T12:00:39+00:00","description":"Charlotte von Belgien | Museo Storico e Il Parco del Castello di Miramare | Un luogo nobile e romatico tra arte, natura e bellezza. |","breadcrumb":{"@id":"https:\/\/miramare.cultura.gov.it\/de\/charlotte-von-belgien\/#breadcrumb"},"inLanguage":"de","potentialAction":[{"@type":"ReadAction","target":["https:\/\/miramare.cultura.gov.it\/de\/charlotte-von-belgien\/"]}]},{"@type":"BreadcrumbList","@id":"https:\/\/miramare.cultura.gov.it\/de\/charlotte-von-belgien\/#breadcrumb","itemListElement":[{"@type":"ListItem","position":1,"name":"Home","item":"https:\/\/miramare.cultura.gov.it\/de\/"},{"@type":"ListItem","position":2,"name":"Charlotte von Belgien"}]},{"@type":"WebSite","@id":"https:\/\/miramare.cultura.gov.it\/#website","url":"https:\/\/miramare.cultura.gov.it\/","name":"Museo Storico e Il Parco del Castello di Miramare","description":"Un luogo nobile e romatico tra arte, natura e bellezza.","potentialAction":[{"@type":"SearchAction","target":{"@type":"EntryPoint","urlTemplate":"https:\/\/miramare.cultura.gov.it\/?s={search_term_string}"},"query-input":{"@type":"PropertyValueSpecification","valueRequired":true,"valueName":"search_term_string"}}],"inLanguage":"de"}]}},"_links":{"self":[{"href":"https:\/\/miramare.cultura.gov.it\/de\/wp-json\/wp\/v2\/pages\/14117","targetHints":{"allow":["GET"]}}],"collection":[{"href":"https:\/\/miramare.cultura.gov.it\/de\/wp-json\/wp\/v2\/pages"}],"about":[{"href":"https:\/\/miramare.cultura.gov.it\/de\/wp-json\/wp\/v2\/types\/page"}],"author":[{"embeddable":true,"href":"https:\/\/miramare.cultura.gov.it\/de\/wp-json\/wp\/v2\/users\/1"}],"replies":[{"embeddable":true,"href":"https:\/\/miramare.cultura.gov.it\/de\/wp-json\/wp\/v2\/comments?post=14117"}],"version-history":[{"count":2,"href":"https:\/\/miramare.cultura.gov.it\/de\/wp-json\/wp\/v2\/pages\/14117\/revisions"}],"predecessor-version":[{"id":14120,"href":"https:\/\/miramare.cultura.gov.it\/de\/wp-json\/wp\/v2\/pages\/14117\/revisions\/14120"}],"wp:attachment":[{"href":"https:\/\/miramare.cultura.gov.it\/de\/wp-json\/wp\/v2\/media?parent=14117"}],"curies":[{"name":"wp","href":"https:\/\/api.w.org\/{rel}","templated":true}]}}